{"id":5362,"date":"2017-07-16T20:28:59","date_gmt":"2017-07-16T18:28:59","guid":{"rendered":"http:\/\/temaprocess.com\/branchen\/chemische-industrie\/"},"modified":"2024-02-01T11:02:06","modified_gmt":"2024-02-01T10:02:06","slug":"chemische-industrie","status":"publish","type":"page","link":"https:\/\/temaprocess.com\/de\/branchen\/chemische-industrie\/","title":{"rendered":"Chemische Industrie"},"content":{"rendered":"<p><div class=\"fusion-fullwidth fullwidth-box fusion-builder-row-1 fusion-flex-container has-pattern-background has-mask-background nonhundred-percent-fullwidth non-hundred-percent-height-scrolling\" style=\"--awb-border-radius-top-left:0px;--awb-border-radius-top-right:0px;--awb-border-radius-bottom-right:0px;--awb-border-radius-bottom-left:0px;--awb-flex-wrap:wrap;\" ><div class=\"fusion-builder-row fusion-row fusion-flex-align-items-flex-start fusion-flex-content-wrap\" style=\"max-width:1248px;margin-left: calc(-4% \/ 2 );margin-right: calc(-4% \/ 2 );\"><div class=\"fusion-layout-column fusion_builder_column fusion-builder-column-0 fusion_builder_column_1_2 1_2 fusion-flex-column\" style=\"--awb-bg-size:cover;--awb-width-large:50%;--awb-margin-top-large:0px;--awb-spacing-right-large:3.84%;--awb-margin-bottom-large:20px;--awb-spacing-left-large:3.84%;--awb-width-medium:50%;--awb-order-medium:0;--awb-spacing-right-medium:3.84%;--awb-spacing-left-medium:3.84%;--awb-width-small:100%;--awb-order-small:0;--awb-spacing-right-small:1.92%;--awb-spacing-left-small:1.92%;\"><div class=\"fusion-column-wrapper fusion-column-has-shadow fusion-flex-justify-content-flex-start fusion-content-layout-column\"><div class=\"fusion-text fusion-text-1\"><p>TEMA Process ist auf hochmoderne Wirbelschichttrocknungsl\u00f6sungen spezialisiert, die den vielf\u00e4ltigen Anforderungen der chemischen Industrie gerecht werden. Unsere Systeme sind so konzipiert, dass sie eine Vielzahl von Materialien wie kristalline Substanzen, Pulver und Extrudate effizient verarbeiten k\u00f6nnen. Bei TEMA Process haben wir uns der \u00f6kologischen Nachhaltigkeit und der Energieeffizienz verschrieben und stellen sicher, dass jedes System auf die Minimierung von Abwassereinleitungen und die Reduzierung des Energieverbrauchs zugeschnitten ist.<\/p>\n<p>Da wir die entscheidende Bedeutung einer pr\u00e4zisen Feuchtigkeitskontrolle bei chemischen Produkten erkannt haben, bieten wir ma\u00dfgeschneiderte Wirbelschichttrockner an. Diese wurden speziell entwickelt, um die Qualit\u00e4t empfindlicher Materialien zu erhalten und zu sch\u00fctzen. Unsere fortschrittlichen Wirbelschichttrockner werden auf der Grundlage einer gr\u00fcndlichen Validierung des Trocknungsverhaltens f\u00fcr individuelle chemische Eigenschaften entwickelt, die in unserem hochmodernen Labor durchgef\u00fchrt wird.<\/p>\n<p>Dar\u00fcber hinaus ist unser einzigartiger TEMA-Sch\u00fcttelmechanismus in der Lage, eine Reihe von Materialien zu verarbeiten, von kuchenartigen Substanzen bis hin zu hochviskosen Chemikalien. Dank unserer umfassenden Erfahrung in der Branche k\u00f6nnen wir ma\u00dfgeschneiderte L\u00f6sungen f\u00fcr eine breite Palette von Chemikalien anbieten.<\/p>\n<\/div><div class=\"fusion-text fusion-text-2\"><p>Unsere Systeme dienen nicht nur der Trocknung, sondern auch der K\u00fchlung, der Entfernung von L\u00f6sungsmitteln und der Erleichterung chemischer Reaktionen. Mit TEMA Process bekommen Sie einen Partner, der die Komplexit\u00e4t und die Anforderungen der chemischen Industrie versteht und L\u00f6sungen anbietet, die ebenso effizient wie effektiv sind. Wir helfen Ihnen, Ihre Prozesse zu optimieren und Ihre Produktionsziele mit unserer Spitzentechnologie und unserem Branchenwissen zu erreichen.<\/p>\n<\/div><\/div><\/div><div class=\"fusion-layout-column fusion_builder_column fusion-builder-column-1 fusion_builder_column_1_2 1_2 fusion-flex-column\" style=\"--awb-bg-size:cover;--awb-width-large:50%;--awb-margin-top-large:0px;--awb-spacing-right-large:3.84%;--awb-margin-bottom-large:20px;--awb-spacing-left-large:3.84%;--awb-width-medium:50%;--awb-order-medium:0;--awb-spacing-right-medium:3.84%;--awb-spacing-left-medium:3.84%;--awb-width-small:100%;--awb-order-small:0;--awb-spacing-right-small:1.92%;--awb-spacing-left-small:1.92%;\"><div class=\"fusion-column-wrapper fusion-column-has-shadow fusion-flex-justify-content-flex-start fusion-content-layout-column\"><ul style=\"--awb-line-height:27.2px;--awb-icon-width:27.2px;--awb-icon-height:27.2px;--awb-icon-margin:11.2px;--awb-content-margin:38.4px;--awb-circlecolor:var(--awb-color4);--awb-circle-yes-font-size:14.08px;\" class=\"fusion-checklist fusion-checklist-1 fusion-checklist-default type-icons\"><li class=\"fusion-li-item\" style=\"\"><span class=\"icon-wrapper circle-yes\"><i class=\"fusion-li-icon fa-cogs fas\" aria-hidden=\"true\"><\/i><\/span><div class=\"fusion-li-item-content\">EPS<\/div><\/li><li class=\"fusion-li-item\" style=\"\"><span class=\"icon-wrapper circle-yes\"><i class=\"fusion-li-icon fa-cogs fas\" aria-hidden=\"true\"><\/i><\/span><div class=\"fusion-li-item-content\">ABS-Kautschuk<\/div><\/li><li class=\"fusion-li-item\" style=\"\"><span class=\"icon-wrapper circle-yes\"><i class=\"fusion-li-icon fa-cogs fas\" aria-hidden=\"true\"><\/i><\/span><div class=\"fusion-li-item-content\">Waschmittel<\/div><\/li><li class=\"fusion-li-item\" style=\"\"><span class=\"icon-wrapper circle-yes\"><i class=\"fusion-li-icon fa-cogs fas\" aria-hidden=\"true\"><\/i><\/span><div class=\"fusion-li-item-content\">Aluminiumhydroxid<\/div><\/li><li class=\"fusion-li-item\" style=\"\"><span class=\"icon-wrapper circle-yes\"><i class=\"fusion-li-icon fa-cogs fas\" aria-hidden=\"true\"><\/i><\/span><div class=\"fusion-li-item-content\">Kupfersulfat<\/div><\/li><li class=\"fusion-li-item\" style=\"\"><span class=\"icon-wrapper circle-yes\"><i class=\"fusion-li-icon fa-cogs fas\" aria-hidden=\"true\"><\/i><\/span><div class=\"fusion-li-item-content\">Kohlefasern<\/div><\/li><li class=\"fusion-li-item\" style=\"\"><span class=\"icon-wrapper circle-yes\"><i class=\"fusion-li-icon fa-cogs fas\" aria-hidden=\"true\"><\/i><\/span><div class=\"fusion-li-item-content\">Kalziumnitrat<\/div><\/li><li class=\"fusion-li-item\" style=\"\"><span class=\"icon-wrapper circle-yes\"><i class=\"fusion-li-icon fa-cogs fas\" aria-hidden=\"true\"><\/i><\/span><div class=\"fusion-li-item-content\">Ammoniumsulfat<\/div><\/li><li class=\"fusion-li-item\" style=\"\"><span class=\"icon-wrapper circle-yes\"><i class=\"fusion-li-icon fa-cogs fas\" aria-hidden=\"true\"><\/i><\/span><div class=\"fusion-li-item-content\">Styreen Maleins\u00e4ureanhydre<\/div><\/li><li class=\"fusion-li-item\" style=\"\"><span class=\"icon-wrapper circle-yes\"><i class=\"fusion-li-icon fa-cogs fas\" aria-hidden=\"true\"><\/i><\/span><div class=\"fusion-li-item-content\">Bernsteins\u00e4ure<\/div><\/li><li class=\"fusion-li-item\" style=\"\"><span class=\"icon-wrapper circle-yes\"><i class=\"fusion-li-icon fa-cogs fas\" aria-hidden=\"true\"><\/i><\/span><div class=\"fusion-li-item-content\">Natriumsulfat<\/div><\/li><li class=\"fusion-li-item\" style=\"\"><span class=\"icon-wrapper circle-yes\"><i class=\"fusion-li-icon fa-cogs fas\" aria-hidden=\"true\"><\/i><\/span><div class=\"fusion-li-item-content\">Natrium-Lauryl-Sulfat<\/div><\/li><li class=\"fusion-li-item\" style=\"\"><span class=\"icon-wrapper circle-yes\"><i class=\"fusion-li-icon fa-cogs fas\" aria-hidden=\"true\"><\/i><\/span><div class=\"fusion-li-item-content\">Kaliumsulfat<\/div><\/li><li class=\"fusion-li-item\" style=\"\"><span class=\"icon-wrapper circle-yes\"><i class=\"fusion-li-icon fa-cogs fas\" aria-hidden=\"true\"><\/i><\/span><div class=\"fusion-li-item-content\">Kaliumchlorid KCL<\/div><\/li><li class=\"fusion-li-item\" style=\"\"><span class=\"icon-wrapper circle-yes\"><i class=\"fusion-li-icon fa-cogs fas\" aria-hidden=\"true\"><\/i><\/span><div class=\"fusion-li-item-content\">Polystyrol-Granulat<\/div><\/li><li class=\"fusion-li-item\" style=\"\"><span class=\"icon-wrapper circle-yes\"><i class=\"fusion-li-icon fa-cogs fas\" aria-hidden=\"true\"><\/i><\/span><div class=\"fusion-li-item-content\">PPTA-Polymer<\/div><\/li><li class=\"fusion-li-item\" style=\"\"><span class=\"icon-wrapper circle-yes\"><i class=\"fusion-li-icon fa-cogs fas\" aria-hidden=\"true\"><\/i><\/span><div class=\"fusion-li-item-content\">PMMA-Polymer<\/div><\/li><li class=\"fusion-li-item\" style=\"\"><span class=\"icon-wrapper circle-yes\"><i class=\"fusion-li-icon fa-cogs fas\" aria-hidden=\"true\"><\/i><\/span><div class=\"fusion-li-item-content\">Perkadox<\/div><\/li><li class=\"fusion-li-item\" style=\"\"><span class=\"icon-wrapper circle-yes\"><i class=\"fusion-li-icon fa-cogs fas\" aria-hidden=\"true\"><\/i><\/span><div class=\"fusion-li-item-content\">\n<p>CMC<\/p>\n<\/div><\/li><li class=\"fusion-li-item\" style=\"\"><span class=\"icon-wrapper circle-yes\"><i class=\"fusion-li-icon fa-cogs fas\" aria-hidden=\"true\"><\/i><\/span><div class=\"fusion-li-item-content\">\n<p>Herbizide<\/p>\n<\/div><\/li><li class=\"fusion-li-item\" style=\"\"><span class=\"icon-wrapper circle-yes\"><i class=\"fusion-li-icon fa-cogs fas\" aria-hidden=\"true\"><\/i><\/span><div class=\"fusion-li-item-content\">Metallsalze<\/div><\/li><li class=\"fusion-li-item\" style=\"\"><span class=\"icon-wrapper circle-yes\"><i class=\"fusion-li-icon fa-cogs fas\" aria-hidden=\"true\"><\/i><\/span><div class=\"fusion-li-item-content\">PVC<\/div><\/li><li class=\"fusion-li-item\" style=\"\"><span class=\"icon-wrapper circle-yes\"><i class=\"fusion-li-icon fa-cogs fas\" aria-hidden=\"true\"><\/i><\/span><div class=\"fusion-li-item-content\">PVDC<\/div><\/li><\/ul><\/div><\/div><\/div><\/div><div class=\"fusion-fullwidth fullwidth-box fusion-builder-row-2 fusion-flex-container has-pattern-background has-mask-background nonhundred-percent-fullwidth non-hundred-percent-height-scrolling\" style=\"--awb-border-radius-top-left:0px;--awb-border-radius-top-right:0px;--awb-border-radius-bottom-right:0px;--awb-border-radius-bottom-left:0px;--awb-background-color:var(--awb-color2);--awb-flex-wrap:wrap;\" ><div class=\"fusion-builder-row fusion-row fusion-flex-align-items-flex-start fusion-flex-content-wrap\" style=\"max-width:1248px;margin-left: calc(-4% \/ 2 );margin-right: calc(-4% \/ 2 );\"><div class=\"fusion-layout-column fusion_builder_column fusion-builder-column-2 fusion_builder_column_1_1 1_1 fusion-flex-column\" style=\"--awb-bg-size:cover;--awb-width-large:100%;--awb-margin-top-large:0px;--awb-spacing-right-large:1.92%;--awb-margin-bottom-large:20px;--awb-spacing-left-large:1.92%;--awb-width-medium:100%;--awb-order-medium:0;--awb-spacing-right-medium:1.92%;--awb-spacing-left-medium:1.92%;--awb-width-small:100%;--awb-order-small:0;--awb-spacing-right-small:1.92%;--awb-spacing-left-small:1.92%;\"><div class=\"fusion-column-wrapper fusion-column-has-shadow fusion-flex-justify-content-flex-start fusion-content-layout-column\"><div class=\"fusion-title title fusion-title-1 fusion-sep-none fusion-title-text fusion-title-size-two\"><h2 class=\"fusion-title-heading title-heading-left\" style=\"margin:0;\"><p class=\"heading \">Besondere chemische Anwendungen<\/p><\/h2><\/div><div class=\"fusion-separator\" style=\"align-self: flex-start;margin-right:auto;margin-top:10px;margin-bottom:10px;width:100%;max-width:300px;\"><div class=\"fusion-separator-border sep-single sep-solid\" style=\"--awb-height:20px;--awb-amount:20px;--awb-sep-color:var(--awb-color4);border-color:var(--awb-color4);border-top-width:3px;\"><\/div><\/div><\/div><\/div><div class=\"fusion-layout-column fusion_builder_column fusion-builder-column-3 fusion_builder_column_1_2 1_2 fusion-flex-column\" style=\"--awb-bg-size:cover;--awb-width-large:50%;--awb-margin-top-large:0px;--awb-spacing-right-large:3.84%;--awb-margin-bottom-large:20px;--awb-spacing-left-large:3.84%;--awb-width-medium:50%;--awb-order-medium:0;--awb-spacing-right-medium:3.84%;--awb-spacing-left-medium:3.84%;--awb-width-small:100%;--awb-order-small:0;--awb-spacing-right-small:1.92%;--awb-spacing-left-small:1.92%;\"><div class=\"fusion-column-wrapper fusion-column-has-shadow fusion-flex-justify-content-flex-start fusion-content-layout-column\"><div class=\"fusion-title title fusion-title-2 fusion-sep-none fusion-title-text fusion-title-size-three\"><h3 class=\"fusion-title-heading title-heading-left\" style=\"margin:0;\">K\u00fchlung \/ Entstaubungsanlage<\/h3><\/div><div class=\"fusion-text fusion-text-3\"><p>Statischer Wirbelschichtk\u00fchler\/Entfeuchter, speziell f\u00fcr Formaldehydharzgranulat entwickelt<\/p>\n<\/div><div class=\"fusion-image-element \" style=\"--awb-aspect-ratio:2 \/ 1;--awb-caption-title-font-family:var(--h2_typography-font-family);--awb-caption-title-font-weight:var(--h2_typography-font-weight);--awb-caption-title-font-style:var(--h2_typography-font-style);--awb-caption-title-size:var(--h2_typography-font-size);--awb-caption-title-transform:var(--h2_typography-text-transform);--awb-caption-title-line-height:var(--h2_typography-line-height);--awb-caption-title-letter-spacing:var(--h2_typography-letter-spacing);\"><span class=\" fusion-imageframe imageframe-none imageframe-1 hover-type-none has-aspect-ratio\"><img decoding=\"async\" width=\"1400\" height=\"1050\" title=\"Static fluid bed cooler\/ de-duster specially designed for formaldehyde resin granulate\" src=\"https:\/\/temaprocess.com\/wp-content\/uploads\/2017\/07\/foto-6-1.jpg\" data-orig-src=\"http:\/\/temaprocess.com\/wp-content\/uploads\/2017\/07\/foto-6-1.jpg\" class=\"lazyload img-responsive wp-image-3786 img-with-aspect-ratio\" data-parent-fit=\"cover\" data-parent-container=\".fusion-image-element\" alt srcset=\"data:image\/svg+xml,%3Csvg%20xmlns%3D%27http%3A%2F%2Fwww.w3.org%2F2000%2Fsvg%27%20width%3D%271400%27%20height%3D%271050%27%20viewBox%3D%270%200%201400%201050%27%3E%3Crect%20width%3D%271400%27%20height%3D%271050%27%20fill-opacity%3D%220%22%2F%3E%3C%2Fsvg%3E\" data-srcset=\"https:\/\/temaprocess.com\/wp-content\/uploads\/2017\/07\/foto-6-1-200x150.jpg 200w, https:\/\/temaprocess.com\/wp-content\/uploads\/2017\/07\/foto-6-1-400x300.jpg 400w, https:\/\/temaprocess.com\/wp-content\/uploads\/2017\/07\/foto-6-1-600x450.jpg 600w, https:\/\/temaprocess.com\/wp-content\/uploads\/2017\/07\/foto-6-1-800x600.jpg 800w, https:\/\/temaprocess.com\/wp-content\/uploads\/2017\/07\/foto-6-1-1200x900.jpg 1200w, https:\/\/temaprocess.com\/wp-content\/uploads\/2017\/07\/foto-6-1.jpg 1400w\" data-sizes=\"auto\" data-orig-sizes=\"(max-width: 640px) 100vw, 600px\" \/><\/span><\/div><\/div><\/div><div class=\"fusion-layout-column fusion_builder_column fusion-builder-column-4 fusion_builder_column_1_2 1_2 fusion-flex-column\" style=\"--awb-bg-size:cover;--awb-width-large:50%;--awb-margin-top-large:0px;--awb-spacing-right-large:3.84%;--awb-margin-bottom-large:20px;--awb-spacing-left-large:3.84%;--awb-width-medium:50%;--awb-order-medium:0;--awb-spacing-right-medium:3.84%;--awb-spacing-left-medium:3.84%;--awb-width-small:100%;--awb-order-small:0;--awb-spacing-right-small:1.92%;--awb-spacing-left-small:1.92%;\"><div class=\"fusion-column-wrapper fusion-column-has-shadow fusion-flex-justify-content-flex-start fusion-content-layout-column\"><div class=\"fusion-title title fusion-title-3 fusion-sep-none fusion-title-text fusion-title-size-three\"><h3 class=\"fusion-title-heading title-heading-left\" style=\"margin:0;\">Nickel-Mono-Sulfat<\/h3><\/div><div class=\"fusion-text fusion-text-4\"><p>Chemischer Trockner\/K\u00fchler f\u00fcr Nickelmonosulfat-Hexahydrat (<sub>NiSO4<\/sub>.<sub>6H2O<\/sub>), versandfertig<\/p>\n<\/div><div class=\"fusion-image-element \" style=\"--awb-aspect-ratio:2 \/ 1;--awb-caption-title-font-family:var(--h2_typography-font-family);--awb-caption-title-font-weight:var(--h2_typography-font-weight);--awb-caption-title-font-style:var(--h2_typography-font-style);--awb-caption-title-size:var(--h2_typography-font-size);--awb-caption-title-transform:var(--h2_typography-text-transform);--awb-caption-title-line-height:var(--h2_typography-line-height);--awb-caption-title-letter-spacing:var(--h2_typography-letter-spacing);\"><span class=\" fusion-imageframe imageframe-none imageframe-2 hover-type-none has-aspect-ratio\"><img decoding=\"async\" width=\"2456\" height=\"1380\" title=\"foto 7\" src=\"https:\/\/temaprocess.com\/wp-content\/uploads\/2017\/09\/foto-7.jpg\" data-orig-src=\"http:\/\/temaprocess.com\/wp-content\/uploads\/2017\/09\/foto-7.jpg\" class=\"lazyload img-responsive wp-image-3814 img-with-aspect-ratio\" data-parent-fit=\"cover\" data-parent-container=\".fusion-image-element\" alt srcset=\"data:image\/svg+xml,%3Csvg%20xmlns%3D%27http%3A%2F%2Fwww.w3.org%2F2000%2Fsvg%27%20width%3D%272456%27%20height%3D%271380%27%20viewBox%3D%270%200%202456%201380%27%3E%3Crect%20width%3D%272456%27%20height%3D%271380%27%20fill-opacity%3D%220%22%2F%3E%3C%2Fsvg%3E\" data-srcset=\"https:\/\/temaprocess.com\/wp-content\/uploads\/2017\/09\/foto-7-200x112.jpg 200w, https:\/\/temaprocess.com\/wp-content\/uploads\/2017\/09\/foto-7-400x225.jpg 400w, https:\/\/temaprocess.com\/wp-content\/uploads\/2017\/09\/foto-7-600x337.jpg 600w, https:\/\/temaprocess.com\/wp-content\/uploads\/2017\/09\/foto-7-800x450.jpg 800w, https:\/\/temaprocess.com\/wp-content\/uploads\/2017\/09\/foto-7-1200x674.jpg 1200w, https:\/\/temaprocess.com\/wp-content\/uploads\/2017\/09\/foto-7.jpg 2456w\" data-sizes=\"auto\" data-orig-sizes=\"(max-width: 640px) 100vw, 600px\" \/><\/span><\/div><\/div><\/div><\/div><\/div><\/p>\n","protected":false},"excerpt":{"rendered":"","protected":false},"author":1,"featured_media":0,"parent":5341,"menu_order":0,"comment_status":"closed","ping_status":"closed","template":"100-width.php","meta":{"footnotes":""},"class_list":["post-5362","page","type-page","status-publish","hentry"],"yoast_head":"<!-- This site is optimized with the Yoast SEO plugin v27.0 - https:\/\/yoast.com\/product\/yoast-seo-wordpress\/ -->\n<title>Chemische Industrie | Tema Process<\/title>\n<meta name=\"robots\" content=\"index, follow, max-snippet:-1, max-image-preview:large, max-video-preview:-1\" \/>\n<link rel=\"canonical\" href=\"https:\/\/temaprocess.com\/industries\/chemicals-drying\/\" \/>\n<meta property=\"og:locale\" content=\"de_DE\" \/>\n<meta property=\"og:type\" content=\"article\" \/>\n<meta property=\"og:title\" content=\"Chemische Industrie | Tema Process\" \/>\n<meta property=\"og:url\" content=\"https:\/\/temaprocess.com\/industries\/chemicals-drying\/\" \/>\n<meta property=\"og:site_name\" content=\"Tema Process\" \/>\n<meta property=\"article:modified_time\" content=\"2024-02-01T10:02:06+00:00\" \/>\n<meta property=\"og:image\" content=\"https:\/\/temaprocess.com\/wp-content\/uploads\/2024\/02\/tema-process-home-image.png\" \/>\n\t<meta property=\"og:image:width\" content=\"1175\" \/>\n\t<meta property=\"og:image:height\" content=\"548\" \/>\n\t<meta property=\"og:image:type\" content=\"image\/png\" \/>\n<meta name=\"twitter:card\" content=\"summary_large_image\" \/>\n<meta name=\"twitter:label1\" content=\"Gesch\u00e4tzte Lesezeit\" \/>\n\t<meta name=\"twitter:data1\" content=\"22\u00a0Minuten\" \/>\n<script type=\"application\/ld+json\" class=\"yoast-schema-graph\">{\"@context\":\"https:\/\/schema.org\",\"@graph\":[{\"@type\":\"WebPage\",\"@id\":\"https:\/\/temaprocess.com\/industries\/chemicals-drying\/\",\"url\":\"https:\/\/temaprocess.com\/industries\/chemicals-drying\/\",\"name\":\"Chemische Industrie | Tema Process\",\"isPartOf\":{\"@id\":\"https:\/\/temaprocess.com\/#website\"},\"datePublished\":\"2017-07-16T18:28:59+00:00\",\"dateModified\":\"2024-02-01T10:02:06+00:00\",\"breadcrumb\":{\"@id\":\"https:\/\/temaprocess.com\/industries\/chemicals-drying\/#breadcrumb\"},\"inLanguage\":\"de\",\"potentialAction\":[{\"@type\":\"ReadAction\",\"target\":[\"https:\/\/temaprocess.com\/industries\/chemicals-drying\/\"]}]},{\"@type\":\"BreadcrumbList\",\"@id\":\"https:\/\/temaprocess.com\/industries\/chemicals-drying\/#breadcrumb\",\"itemListElement\":[{\"@type\":\"ListItem\",\"position\":1,\"name\":\"Home\",\"item\":\"https:\/\/temaprocess.com\/de\/startseite\/\"},{\"@type\":\"ListItem\",\"position\":2,\"name\":\"Branchen\",\"item\":\"https:\/\/temaprocess.com\/de\/branchen\/\"},{\"@type\":\"ListItem\",\"position\":3,\"name\":\"Chemische Industrie\"}]},{\"@type\":\"WebSite\",\"@id\":\"https:\/\/temaprocess.com\/#website\",\"url\":\"https:\/\/temaprocess.com\/\",\"name\":\"Tema Process\",\"description\":\"Fluid bed systems\",\"potentialAction\":[{\"@type\":\"SearchAction\",\"target\":{\"@type\":\"EntryPoint\",\"urlTemplate\":\"https:\/\/temaprocess.com\/?s={search_term_string}\"},\"query-input\":{\"@type\":\"PropertyValueSpecification\",\"valueRequired\":true,\"valueName\":\"search_term_string\"}}],\"inLanguage\":\"de\"}]}<\/script>\n<!-- \/ Yoast SEO plugin. -->","yoast_head_json":{"title":"Chemische Industrie | Tema Process","robots":{"index":"index","follow":"follow","max-snippet":"max-snippet:-1","max-image-preview":"max-image-preview:large","max-video-preview":"max-video-preview:-1"},"canonical":"https:\/\/temaprocess.com\/industries\/chemicals-drying\/","og_locale":"de_DE","og_type":"article","og_title":"Chemische Industrie | Tema Process","og_url":"https:\/\/temaprocess.com\/industries\/chemicals-drying\/","og_site_name":"Tema Process","article_modified_time":"2024-02-01T10:02:06+00:00","og_image":[{"width":1175,"height":548,"url":"https:\/\/temaprocess.com\/wp-content\/uploads\/2024\/02\/tema-process-home-image.png","type":"image\/png"}],"twitter_card":"summary_large_image","twitter_misc":{"Gesch\u00e4tzte Lesezeit":"22\u00a0Minuten"},"schema":{"@context":"https:\/\/schema.org","@graph":[{"@type":"WebPage","@id":"https:\/\/temaprocess.com\/industries\/chemicals-drying\/","url":"https:\/\/temaprocess.com\/industries\/chemicals-drying\/","name":"Chemische Industrie | Tema Process","isPartOf":{"@id":"https:\/\/temaprocess.com\/#website"},"datePublished":"2017-07-16T18:28:59+00:00","dateModified":"2024-02-01T10:02:06+00:00","breadcrumb":{"@id":"https:\/\/temaprocess.com\/industries\/chemicals-drying\/#breadcrumb"},"inLanguage":"de","potentialAction":[{"@type":"ReadAction","target":["https:\/\/temaprocess.com\/industries\/chemicals-drying\/"]}]},{"@type":"BreadcrumbList","@id":"https:\/\/temaprocess.com\/industries\/chemicals-drying\/#breadcrumb","itemListElement":[{"@type":"ListItem","position":1,"name":"Home","item":"https:\/\/temaprocess.com\/de\/startseite\/"},{"@type":"ListItem","position":2,"name":"Branchen","item":"https:\/\/temaprocess.com\/de\/branchen\/"},{"@type":"ListItem","position":3,"name":"Chemische Industrie"}]},{"@type":"WebSite","@id":"https:\/\/temaprocess.com\/#website","url":"https:\/\/temaprocess.com\/","name":"Tema Process","description":"Fluid bed systems","potentialAction":[{"@type":"SearchAction","target":{"@type":"EntryPoint","urlTemplate":"https:\/\/temaprocess.com\/?s={search_term_string}"},"query-input":{"@type":"PropertyValueSpecification","valueRequired":true,"valueName":"search_term_string"}}],"inLanguage":"de"}]}},"_links":{"self":[{"href":"https:\/\/temaprocess.com\/de\/wp-json\/wp\/v2\/pages\/5362","targetHints":{"allow":["GET"]}}],"collection":[{"href":"https:\/\/temaprocess.com\/de\/wp-json\/wp\/v2\/pages"}],"about":[{"href":"https:\/\/temaprocess.com\/de\/wp-json\/wp\/v2\/types\/page"}],"author":[{"embeddable":true,"href":"https:\/\/temaprocess.com\/de\/wp-json\/wp\/v2\/users\/1"}],"replies":[{"embeddable":true,"href":"https:\/\/temaprocess.com\/de\/wp-json\/wp\/v2\/comments?post=5362"}],"version-history":[{"count":0,"href":"https:\/\/temaprocess.com\/de\/wp-json\/wp\/v2\/pages\/5362\/revisions"}],"up":[{"embeddable":true,"href":"https:\/\/temaprocess.com\/de\/wp-json\/wp\/v2\/pages\/5341"}],"wp:attachment":[{"href":"https:\/\/temaprocess.com\/de\/wp-json\/wp\/v2\/media?parent=5362"}],"curies":[{"name":"wp","href":"https:\/\/api.w.org\/{rel}","templated":true}]}}