{"id":5365,"date":"2017-07-16T20:28:59","date_gmt":"2017-07-16T18:28:59","guid":{"rendered":"http:\/\/temaprocess.com\/industrias\/industria-quimica\/"},"modified":"2024-02-01T11:02:29","modified_gmt":"2024-02-01T10:02:29","slug":"industria-quimica","status":"publish","type":"page","link":"https:\/\/temaprocess.com\/es\/industrias\/industria-quimica\/","title":{"rendered":"Industria qu\u00edmica"},"content":{"rendered":"<p><div class=\"fusion-fullwidth fullwidth-box fusion-builder-row-1 fusion-flex-container has-pattern-background has-mask-background nonhundred-percent-fullwidth non-hundred-percent-height-scrolling\" style=\"--awb-border-radius-top-left:0px;--awb-border-radius-top-right:0px;--awb-border-radius-bottom-right:0px;--awb-border-radius-bottom-left:0px;--awb-flex-wrap:wrap;\" ><div class=\"fusion-builder-row fusion-row fusion-flex-align-items-flex-start fusion-flex-content-wrap\" style=\"max-width:1248px;margin-left: calc(-4% \/ 2 );margin-right: calc(-4% \/ 2 );\"><div class=\"fusion-layout-column fusion_builder_column fusion-builder-column-0 fusion_builder_column_1_2 1_2 fusion-flex-column\" style=\"--awb-bg-size:cover;--awb-width-large:50%;--awb-margin-top-large:0px;--awb-spacing-right-large:3.84%;--awb-margin-bottom-large:20px;--awb-spacing-left-large:3.84%;--awb-width-medium:50%;--awb-order-medium:0;--awb-spacing-right-medium:3.84%;--awb-spacing-left-medium:3.84%;--awb-width-small:100%;--awb-order-small:0;--awb-spacing-right-small:1.92%;--awb-spacing-left-small:1.92%;\"><div class=\"fusion-column-wrapper fusion-column-has-shadow fusion-flex-justify-content-flex-start fusion-content-layout-column\"><div class=\"fusion-text fusion-text-1\"><p>TEMA Process est\u00e1 especializada en soluciones de secado de lecho fluido de \u00faltima generaci\u00f3n, que satisfacen las diversas necesidades de la industria qu\u00edmica. Nuestros sistemas est\u00e1n dise\u00f1ados por expertos para procesar eficazmente una gran variedad de materiales, incluidas sustancias cristalinas, polvos y extruidos. En TEMA Process, estamos comprometidos con la sostenibilidad medioambiental y la eficiencia energ\u00e9tica, garantizando que cada sistema se adapte para minimizar la descarga de efluentes y reducir el uso de energ\u00eda.<\/p>\n<p>Reconociendo la importancia cr\u00edtica de un control preciso de la humedad en los productos qu\u00edmicos, ofrecemos secadores de lecho fluido dise\u00f1ados a medida. Est\u00e1n dise\u00f1ados espec\u00edficamente para mantener y preservar la calidad de los materiales sensibles. Nuestros avanzados secadores de lecho fluido se desarrollan sobre la base de una exhaustiva validaci\u00f3n del comportamiento de secado para caracter\u00edsticas qu\u00edmicas individuales, realizada en nuestro laboratorio de \u00faltima generaci\u00f3n.<\/p>\n<p>Adem\u00e1s, nuestro exclusivo mecanismo de agitaci\u00f3n TEMA es experto en la manipulaci\u00f3n de una amplia gama de materiales, desde sustancias pastosas hasta productos qu\u00edmicos muy viscosos. Nuestra amplia experiencia en el sector nos permite ofrecer soluciones a medida para una gran variedad de productos qu\u00edmicos.<\/p>\n<\/div><div class=\"fusion-text fusion-text-2\"><p>Nuestros sistemas no se limitan a secar; tambi\u00e9n destacan en refrigeraci\u00f3n, eliminaci\u00f3n de disolventes y facilitaci\u00f3n de reacciones qu\u00edmicas. Con TEMA Process, usted obtiene un socio que comprende las complejidades y demandas de la industria qu\u00edmica, proporcionando soluciones que son tan eficientes como efectivas. Perm\u00edtanos ayudarle a optimizar sus procesos y alcanzar sus objetivos de producci\u00f3n con nuestra tecnolog\u00eda de vanguardia y nuestra experiencia en el sector.<\/p>\n<\/div><\/div><\/div><div class=\"fusion-layout-column fusion_builder_column fusion-builder-column-1 fusion_builder_column_1_2 1_2 fusion-flex-column\" style=\"--awb-bg-size:cover;--awb-width-large:50%;--awb-margin-top-large:0px;--awb-spacing-right-large:3.84%;--awb-margin-bottom-large:20px;--awb-spacing-left-large:3.84%;--awb-width-medium:50%;--awb-order-medium:0;--awb-spacing-right-medium:3.84%;--awb-spacing-left-medium:3.84%;--awb-width-small:100%;--awb-order-small:0;--awb-spacing-right-small:1.92%;--awb-spacing-left-small:1.92%;\"><div class=\"fusion-column-wrapper fusion-column-has-shadow fusion-flex-justify-content-flex-start fusion-content-layout-column\"><ul style=\"--awb-line-height:27.2px;--awb-icon-width:27.2px;--awb-icon-height:27.2px;--awb-icon-margin:11.2px;--awb-content-margin:38.4px;--awb-circlecolor:var(--awb-color4);--awb-circle-yes-font-size:14.08px;\" class=\"fusion-checklist fusion-checklist-1 fusion-checklist-default type-icons\"><li class=\"fusion-li-item\" style=\"\"><span class=\"icon-wrapper circle-yes\"><i class=\"fusion-li-icon fa-cogs fas\" aria-hidden=\"true\"><\/i><\/span><div class=\"fusion-li-item-content\">EPS<\/div><\/li><li class=\"fusion-li-item\" style=\"\"><span class=\"icon-wrapper circle-yes\"><i class=\"fusion-li-icon fa-cogs fas\" aria-hidden=\"true\"><\/i><\/span><div class=\"fusion-li-item-content\">Goma ABS<\/div><\/li><li class=\"fusion-li-item\" style=\"\"><span class=\"icon-wrapper circle-yes\"><i class=\"fusion-li-icon fa-cogs fas\" aria-hidden=\"true\"><\/i><\/span><div class=\"fusion-li-item-content\">Detergente<\/div><\/li><li class=\"fusion-li-item\" style=\"\"><span class=\"icon-wrapper circle-yes\"><i class=\"fusion-li-icon fa-cogs fas\" aria-hidden=\"true\"><\/i><\/span><div class=\"fusion-li-item-content\">Hidr\u00f3xido de aluminio<\/div><\/li><li class=\"fusion-li-item\" style=\"\"><span class=\"icon-wrapper circle-yes\"><i class=\"fusion-li-icon fa-cogs fas\" aria-hidden=\"true\"><\/i><\/span><div class=\"fusion-li-item-content\">Sulfato de cobre<\/div><\/li><li class=\"fusion-li-item\" style=\"\"><span class=\"icon-wrapper circle-yes\"><i class=\"fusion-li-icon fa-cogs fas\" aria-hidden=\"true\"><\/i><\/span><div class=\"fusion-li-item-content\">Fibra de carbono<\/div><\/li><li class=\"fusion-li-item\" style=\"\"><span class=\"icon-wrapper circle-yes\"><i class=\"fusion-li-icon fa-cogs fas\" aria-hidden=\"true\"><\/i><\/span><div class=\"fusion-li-item-content\">Nitrato de calcio<\/div><\/li><li class=\"fusion-li-item\" style=\"\"><span class=\"icon-wrapper circle-yes\"><i class=\"fusion-li-icon fa-cogs fas\" aria-hidden=\"true\"><\/i><\/span><div class=\"fusion-li-item-content\">Sulfato de amonio<\/div><\/li><li class=\"fusion-li-item\" style=\"\"><span class=\"icon-wrapper circle-yes\"><i class=\"fusion-li-icon fa-cogs fas\" aria-hidden=\"true\"><\/i><\/span><div class=\"fusion-li-item-content\">Estireno Anh\u00eddrido Maleico<\/div><\/li><li class=\"fusion-li-item\" style=\"\"><span class=\"icon-wrapper circle-yes\"><i class=\"fusion-li-icon fa-cogs fas\" aria-hidden=\"true\"><\/i><\/span><div class=\"fusion-li-item-content\">\u00c1cido succ\u00ednico<\/div><\/li><li class=\"fusion-li-item\" style=\"\"><span class=\"icon-wrapper circle-yes\"><i class=\"fusion-li-icon fa-cogs fas\" aria-hidden=\"true\"><\/i><\/span><div class=\"fusion-li-item-content\">Sulfato de sodio<\/div><\/li><li class=\"fusion-li-item\" style=\"\"><span class=\"icon-wrapper circle-yes\"><i class=\"fusion-li-icon fa-cogs fas\" aria-hidden=\"true\"><\/i><\/span><div class=\"fusion-li-item-content\">Lauril sulfato s\u00f3dico<\/div><\/li><li class=\"fusion-li-item\" style=\"\"><span class=\"icon-wrapper circle-yes\"><i class=\"fusion-li-icon fa-cogs fas\" aria-hidden=\"true\"><\/i><\/span><div class=\"fusion-li-item-content\">Sulfato de potasio<\/div><\/li><li class=\"fusion-li-item\" style=\"\"><span class=\"icon-wrapper circle-yes\"><i class=\"fusion-li-icon fa-cogs fas\" aria-hidden=\"true\"><\/i><\/span><div class=\"fusion-li-item-content\">Cloruro pot\u00e1sico KCL<\/div><\/li><li class=\"fusion-li-item\" style=\"\"><span class=\"icon-wrapper circle-yes\"><i class=\"fusion-li-icon fa-cogs fas\" aria-hidden=\"true\"><\/i><\/span><div class=\"fusion-li-item-content\">Gr\u00e1nulos de poliestireno<\/div><\/li><li class=\"fusion-li-item\" style=\"\"><span class=\"icon-wrapper circle-yes\"><i class=\"fusion-li-icon fa-cogs fas\" aria-hidden=\"true\"><\/i><\/span><div class=\"fusion-li-item-content\">PPTA Pol\u00edmero<\/div><\/li><li class=\"fusion-li-item\" style=\"\"><span class=\"icon-wrapper circle-yes\"><i class=\"fusion-li-icon fa-cogs fas\" aria-hidden=\"true\"><\/i><\/span><div class=\"fusion-li-item-content\">Pol\u00edmero PMMA<\/div><\/li><li class=\"fusion-li-item\" style=\"\"><span class=\"icon-wrapper circle-yes\"><i class=\"fusion-li-icon fa-cogs fas\" aria-hidden=\"true\"><\/i><\/span><div class=\"fusion-li-item-content\">Perkadox<\/div><\/li><li class=\"fusion-li-item\" style=\"\"><span class=\"icon-wrapper circle-yes\"><i class=\"fusion-li-icon fa-cogs fas\" aria-hidden=\"true\"><\/i><\/span><div class=\"fusion-li-item-content\">\n<p>CMC<\/p>\n<\/div><\/li><li class=\"fusion-li-item\" style=\"\"><span class=\"icon-wrapper circle-yes\"><i class=\"fusion-li-icon fa-cogs fas\" aria-hidden=\"true\"><\/i><\/span><div class=\"fusion-li-item-content\">\n<p>Herbicidas<\/p>\n<\/div><\/li><li class=\"fusion-li-item\" style=\"\"><span class=\"icon-wrapper circle-yes\"><i class=\"fusion-li-icon fa-cogs fas\" aria-hidden=\"true\"><\/i><\/span><div class=\"fusion-li-item-content\">Sales met\u00e1licas<\/div><\/li><li class=\"fusion-li-item\" style=\"\"><span class=\"icon-wrapper circle-yes\"><i class=\"fusion-li-icon fa-cogs fas\" aria-hidden=\"true\"><\/i><\/span><div class=\"fusion-li-item-content\">PVC<\/div><\/li><li class=\"fusion-li-item\" style=\"\"><span class=\"icon-wrapper circle-yes\"><i class=\"fusion-li-icon fa-cogs fas\" aria-hidden=\"true\"><\/i><\/span><div class=\"fusion-li-item-content\">PVDC<\/div><\/li><\/ul><\/div><\/div><\/div><\/div><div class=\"fusion-fullwidth fullwidth-box fusion-builder-row-2 fusion-flex-container has-pattern-background has-mask-background nonhundred-percent-fullwidth non-hundred-percent-height-scrolling\" style=\"--awb-border-radius-top-left:0px;--awb-border-radius-top-right:0px;--awb-border-radius-bottom-right:0px;--awb-border-radius-bottom-left:0px;--awb-background-color:var(--awb-color2);--awb-flex-wrap:wrap;\" ><div class=\"fusion-builder-row fusion-row fusion-flex-align-items-flex-start fusion-flex-content-wrap\" style=\"max-width:1248px;margin-left: calc(-4% \/ 2 );margin-right: calc(-4% \/ 2 );\"><div class=\"fusion-layout-column fusion_builder_column fusion-builder-column-2 fusion_builder_column_1_1 1_1 fusion-flex-column\" style=\"--awb-bg-size:cover;--awb-width-large:100%;--awb-margin-top-large:0px;--awb-spacing-right-large:1.92%;--awb-margin-bottom-large:20px;--awb-spacing-left-large:1.92%;--awb-width-medium:100%;--awb-order-medium:0;--awb-spacing-right-medium:1.92%;--awb-spacing-left-medium:1.92%;--awb-width-small:100%;--awb-order-small:0;--awb-spacing-right-small:1.92%;--awb-spacing-left-small:1.92%;\"><div class=\"fusion-column-wrapper fusion-column-has-shadow fusion-flex-justify-content-flex-start fusion-content-layout-column\"><div class=\"fusion-title title fusion-title-1 fusion-sep-none fusion-title-text fusion-title-size-two\"><h2 class=\"fusion-title-heading title-heading-left\" style=\"margin:0;\"><p class=\"heading \">Aplicaciones qu\u00edmicas especiales<\/p><\/h2><\/div><div class=\"fusion-separator\" style=\"align-self: flex-start;margin-right:auto;margin-top:10px;margin-bottom:10px;width:100%;max-width:300px;\"><div class=\"fusion-separator-border sep-single sep-solid\" style=\"--awb-height:20px;--awb-amount:20px;--awb-sep-color:var(--awb-color4);border-color:var(--awb-color4);border-top-width:3px;\"><\/div><\/div><\/div><\/div><div class=\"fusion-layout-column fusion_builder_column fusion-builder-column-3 fusion_builder_column_1_2 1_2 fusion-flex-column\" style=\"--awb-bg-size:cover;--awb-width-large:50%;--awb-margin-top-large:0px;--awb-spacing-right-large:3.84%;--awb-margin-bottom-large:20px;--awb-spacing-left-large:3.84%;--awb-width-medium:50%;--awb-order-medium:0;--awb-spacing-right-medium:3.84%;--awb-spacing-left-medium:3.84%;--awb-width-small:100%;--awb-order-small:0;--awb-spacing-right-small:1.92%;--awb-spacing-left-small:1.92%;\"><div class=\"fusion-column-wrapper fusion-column-has-shadow fusion-flex-justify-content-flex-start fusion-content-layout-column\"><div class=\"fusion-title title fusion-title-2 fusion-sep-none fusion-title-text fusion-title-size-three\"><h3 class=\"fusion-title-heading title-heading-left\" style=\"margin:0;\">Unidad de refrigeraci\u00f3n\/desempolvado<\/h3><\/div><div class=\"fusion-text fusion-text-3\"><p>Refrigerador\/desempolvador est\u00e1tico de lecho fluido especialmente dise\u00f1ado para granulado de resina de formaldeh\u00eddo<\/p>\n<\/div><div class=\"fusion-image-element \" style=\"--awb-aspect-ratio:2 \/ 1;--awb-caption-title-font-family:var(--h2_typography-font-family);--awb-caption-title-font-weight:var(--h2_typography-font-weight);--awb-caption-title-font-style:var(--h2_typography-font-style);--awb-caption-title-size:var(--h2_typography-font-size);--awb-caption-title-transform:var(--h2_typography-text-transform);--awb-caption-title-line-height:var(--h2_typography-line-height);--awb-caption-title-letter-spacing:var(--h2_typography-letter-spacing);\"><span class=\" fusion-imageframe imageframe-none imageframe-1 hover-type-none has-aspect-ratio\"><img decoding=\"async\" width=\"1400\" height=\"1050\" title=\"Static fluid bed cooler\/ de-duster specially designed for formaldehyde resin granulate\" src=\"https:\/\/temaprocess.com\/wp-content\/uploads\/2017\/07\/foto-6-1.jpg\" data-orig-src=\"http:\/\/temaprocess.com\/wp-content\/uploads\/2017\/07\/foto-6-1.jpg\" class=\"lazyload img-responsive wp-image-3286 img-with-aspect-ratio\" data-parent-fit=\"cover\" data-parent-container=\".fusion-image-element\" alt srcset=\"data:image\/svg+xml,%3Csvg%20xmlns%3D%27http%3A%2F%2Fwww.w3.org%2F2000%2Fsvg%27%20width%3D%271400%27%20height%3D%271050%27%20viewBox%3D%270%200%201400%201050%27%3E%3Crect%20width%3D%271400%27%20height%3D%271050%27%20fill-opacity%3D%220%22%2F%3E%3C%2Fsvg%3E\" data-srcset=\"https:\/\/temaprocess.com\/wp-content\/uploads\/2017\/07\/foto-6-1-200x150.jpg 200w, https:\/\/temaprocess.com\/wp-content\/uploads\/2017\/07\/foto-6-1-400x300.jpg 400w, https:\/\/temaprocess.com\/wp-content\/uploads\/2017\/07\/foto-6-1-600x450.jpg 600w, https:\/\/temaprocess.com\/wp-content\/uploads\/2017\/07\/foto-6-1-800x600.jpg 800w, https:\/\/temaprocess.com\/wp-content\/uploads\/2017\/07\/foto-6-1-1200x900.jpg 1200w, https:\/\/temaprocess.com\/wp-content\/uploads\/2017\/07\/foto-6-1.jpg 1400w\" data-sizes=\"auto\" data-orig-sizes=\"(max-width: 640px) 100vw, 600px\" \/><\/span><\/div><\/div><\/div><div class=\"fusion-layout-column fusion_builder_column fusion-builder-column-4 fusion_builder_column_1_2 1_2 fusion-flex-column\" style=\"--awb-bg-size:cover;--awb-width-large:50%;--awb-margin-top-large:0px;--awb-spacing-right-large:3.84%;--awb-margin-bottom-large:20px;--awb-spacing-left-large:3.84%;--awb-width-medium:50%;--awb-order-medium:0;--awb-spacing-right-medium:3.84%;--awb-spacing-left-medium:3.84%;--awb-width-small:100%;--awb-order-small:0;--awb-spacing-right-small:1.92%;--awb-spacing-left-small:1.92%;\"><div class=\"fusion-column-wrapper fusion-column-has-shadow fusion-flex-justify-content-flex-start fusion-content-layout-column\"><div class=\"fusion-title title fusion-title-3 fusion-sep-none fusion-title-text fusion-title-size-three\"><h3 class=\"fusion-title-heading title-heading-left\" style=\"margin:0;\">monosulfato de n\u00edquel<\/h3><\/div><div class=\"fusion-text fusion-text-4\"><p>Secador\/enfriador qu\u00edmico para hexa hidrato de monosulfato de n\u00edquel (<sub>NiSO4<\/sub>.<sub>6H2O<\/sub>) listo para su env\u00edo<\/p>\n<\/div><div class=\"fusion-image-element \" style=\"--awb-aspect-ratio:2 \/ 1;--awb-caption-title-font-family:var(--h2_typography-font-family);--awb-caption-title-font-weight:var(--h2_typography-font-weight);--awb-caption-title-font-style:var(--h2_typography-font-style);--awb-caption-title-size:var(--h2_typography-font-size);--awb-caption-title-transform:var(--h2_typography-text-transform);--awb-caption-title-line-height:var(--h2_typography-line-height);--awb-caption-title-letter-spacing:var(--h2_typography-letter-spacing);\"><span class=\" fusion-imageframe imageframe-none imageframe-2 hover-type-none has-aspect-ratio\"><img decoding=\"async\" width=\"2456\" height=\"1380\" title=\"foto 7\" src=\"https:\/\/temaprocess.com\/wp-content\/uploads\/2017\/09\/foto-7.jpg\" data-orig-src=\"http:\/\/temaprocess.com\/wp-content\/uploads\/2017\/09\/foto-7.jpg\" class=\"lazyload img-responsive wp-image-3314 img-with-aspect-ratio\" data-parent-fit=\"cover\" data-parent-container=\".fusion-image-element\" alt srcset=\"data:image\/svg+xml,%3Csvg%20xmlns%3D%27http%3A%2F%2Fwww.w3.org%2F2000%2Fsvg%27%20width%3D%272456%27%20height%3D%271380%27%20viewBox%3D%270%200%202456%201380%27%3E%3Crect%20width%3D%272456%27%20height%3D%271380%27%20fill-opacity%3D%220%22%2F%3E%3C%2Fsvg%3E\" data-srcset=\"https:\/\/temaprocess.com\/wp-content\/uploads\/2017\/09\/foto-7-200x112.jpg 200w, https:\/\/temaprocess.com\/wp-content\/uploads\/2017\/09\/foto-7-400x225.jpg 400w, https:\/\/temaprocess.com\/wp-content\/uploads\/2017\/09\/foto-7-600x337.jpg 600w, https:\/\/temaprocess.com\/wp-content\/uploads\/2017\/09\/foto-7-800x450.jpg 800w, https:\/\/temaprocess.com\/wp-content\/uploads\/2017\/09\/foto-7-1200x674.jpg 1200w, https:\/\/temaprocess.com\/wp-content\/uploads\/2017\/09\/foto-7.jpg 2456w\" data-sizes=\"auto\" data-orig-sizes=\"(max-width: 640px) 100vw, 600px\" \/><\/span><\/div><\/div><\/div><\/div><\/div><\/p>\n","protected":false},"excerpt":{"rendered":"","protected":false},"author":1,"featured_media":0,"parent":5344,"menu_order":0,"comment_status":"closed","ping_status":"closed","template":"100-width.php","meta":{"footnotes":""},"class_list":["post-5365","page","type-page","status-publish","hentry"],"yoast_head":"<!-- This site is optimized with the Yoast SEO plugin v27.0 - https:\/\/yoast.com\/product\/yoast-seo-wordpress\/ -->\n<title>Industria qu\u00edmica | Tema Process<\/title>\n<meta name=\"robots\" content=\"index, follow, max-snippet:-1, max-image-preview:large, max-video-preview:-1\" \/>\n<link rel=\"canonical\" href=\"https:\/\/temaprocess.com\/industries\/chemicals-drying\/\" \/>\n<meta property=\"og:locale\" content=\"es_ES\" \/>\n<meta property=\"og:type\" content=\"article\" \/>\n<meta property=\"og:title\" content=\"Industria qu\u00edmica | Tema Process\" \/>\n<meta property=\"og:url\" content=\"https:\/\/temaprocess.com\/industries\/chemicals-drying\/\" \/>\n<meta property=\"og:site_name\" content=\"Tema Process\" \/>\n<meta property=\"article:modified_time\" content=\"2024-02-01T10:02:29+00:00\" \/>\n<meta property=\"og:image\" content=\"https:\/\/temaprocess.com\/wp-content\/uploads\/2024\/02\/tema-process-home-image.png\" \/>\n\t<meta property=\"og:image:width\" content=\"1175\" \/>\n\t<meta property=\"og:image:height\" content=\"548\" \/>\n\t<meta property=\"og:image:type\" content=\"image\/png\" \/>\n<meta name=\"twitter:card\" content=\"summary_large_image\" \/>\n<meta name=\"twitter:label1\" content=\"Tiempo de lectura\" \/>\n\t<meta name=\"twitter:data1\" content=\"22 minutos\" \/>\n<script type=\"application\/ld+json\" class=\"yoast-schema-graph\">{\"@context\":\"https:\/\/schema.org\",\"@graph\":[{\"@type\":\"WebPage\",\"@id\":\"https:\/\/temaprocess.com\/industries\/chemicals-drying\/\",\"url\":\"https:\/\/temaprocess.com\/industries\/chemicals-drying\/\",\"name\":\"Industria qu\u00edmica | Tema Process\",\"isPartOf\":{\"@id\":\"https:\/\/temaprocess.com\/#website\"},\"datePublished\":\"2017-07-16T18:28:59+00:00\",\"dateModified\":\"2024-02-01T10:02:29+00:00\",\"breadcrumb\":{\"@id\":\"https:\/\/temaprocess.com\/industries\/chemicals-drying\/#breadcrumb\"},\"inLanguage\":\"es\",\"potentialAction\":[{\"@type\":\"ReadAction\",\"target\":[\"https:\/\/temaprocess.com\/industries\/chemicals-drying\/\"]}]},{\"@type\":\"BreadcrumbList\",\"@id\":\"https:\/\/temaprocess.com\/industries\/chemicals-drying\/#breadcrumb\",\"itemListElement\":[{\"@type\":\"ListItem\",\"position\":1,\"name\":\"Home\",\"item\":\"https:\/\/temaprocess.com\/es\/inicio\/\"},{\"@type\":\"ListItem\",\"position\":2,\"name\":\"Industrias\",\"item\":\"https:\/\/temaprocess.com\/industries\/\"},{\"@type\":\"ListItem\",\"position\":3,\"name\":\"Industria qu\u00edmica\"}]},{\"@type\":\"WebSite\",\"@id\":\"https:\/\/temaprocess.com\/#website\",\"url\":\"https:\/\/temaprocess.com\/\",\"name\":\"Tema Process\",\"description\":\"Fluid bed systems\",\"potentialAction\":[{\"@type\":\"SearchAction\",\"target\":{\"@type\":\"EntryPoint\",\"urlTemplate\":\"https:\/\/temaprocess.com\/?s={search_term_string}\"},\"query-input\":{\"@type\":\"PropertyValueSpecification\",\"valueRequired\":true,\"valueName\":\"search_term_string\"}}],\"inLanguage\":\"es\"}]}<\/script>\n<!-- \/ Yoast SEO plugin. -->","yoast_head_json":{"title":"Industria qu\u00edmica | Tema Process","robots":{"index":"index","follow":"follow","max-snippet":"max-snippet:-1","max-image-preview":"max-image-preview:large","max-video-preview":"max-video-preview:-1"},"canonical":"https:\/\/temaprocess.com\/industries\/chemicals-drying\/","og_locale":"es_ES","og_type":"article","og_title":"Industria qu\u00edmica | Tema Process","og_url":"https:\/\/temaprocess.com\/industries\/chemicals-drying\/","og_site_name":"Tema Process","article_modified_time":"2024-02-01T10:02:29+00:00","og_image":[{"width":1175,"height":548,"url":"https:\/\/temaprocess.com\/wp-content\/uploads\/2024\/02\/tema-process-home-image.png","type":"image\/png"}],"twitter_card":"summary_large_image","twitter_misc":{"Tiempo de lectura":"22 minutos"},"schema":{"@context":"https:\/\/schema.org","@graph":[{"@type":"WebPage","@id":"https:\/\/temaprocess.com\/industries\/chemicals-drying\/","url":"https:\/\/temaprocess.com\/industries\/chemicals-drying\/","name":"Industria qu\u00edmica | Tema Process","isPartOf":{"@id":"https:\/\/temaprocess.com\/#website"},"datePublished":"2017-07-16T18:28:59+00:00","dateModified":"2024-02-01T10:02:29+00:00","breadcrumb":{"@id":"https:\/\/temaprocess.com\/industries\/chemicals-drying\/#breadcrumb"},"inLanguage":"es","potentialAction":[{"@type":"ReadAction","target":["https:\/\/temaprocess.com\/industries\/chemicals-drying\/"]}]},{"@type":"BreadcrumbList","@id":"https:\/\/temaprocess.com\/industries\/chemicals-drying\/#breadcrumb","itemListElement":[{"@type":"ListItem","position":1,"name":"Home","item":"https:\/\/temaprocess.com\/es\/inicio\/"},{"@type":"ListItem","position":2,"name":"Industrias","item":"https:\/\/temaprocess.com\/industries\/"},{"@type":"ListItem","position":3,"name":"Industria qu\u00edmica"}]},{"@type":"WebSite","@id":"https:\/\/temaprocess.com\/#website","url":"https:\/\/temaprocess.com\/","name":"Tema Process","description":"Fluid bed systems","potentialAction":[{"@type":"SearchAction","target":{"@type":"EntryPoint","urlTemplate":"https:\/\/temaprocess.com\/?s={search_term_string}"},"query-input":{"@type":"PropertyValueSpecification","valueRequired":true,"valueName":"search_term_string"}}],"inLanguage":"es"}]}},"_links":{"self":[{"href":"https:\/\/temaprocess.com\/es\/wp-json\/wp\/v2\/pages\/5365","targetHints":{"allow":["GET"]}}],"collection":[{"href":"https:\/\/temaprocess.com\/es\/wp-json\/wp\/v2\/pages"}],"about":[{"href":"https:\/\/temaprocess.com\/es\/wp-json\/wp\/v2\/types\/page"}],"author":[{"embeddable":true,"href":"https:\/\/temaprocess.com\/es\/wp-json\/wp\/v2\/users\/1"}],"replies":[{"embeddable":true,"href":"https:\/\/temaprocess.com\/es\/wp-json\/wp\/v2\/comments?post=5365"}],"version-history":[{"count":0,"href":"https:\/\/temaprocess.com\/es\/wp-json\/wp\/v2\/pages\/5365\/revisions"}],"up":[{"embeddable":true,"href":"https:\/\/temaprocess.com\/es\/wp-json\/wp\/v2\/pages\/5344"}],"wp:attachment":[{"href":"https:\/\/temaprocess.com\/es\/wp-json\/wp\/v2\/media?parent=5365"}],"curies":[{"name":"wp","href":"https:\/\/api.w.org\/{rel}","templated":true}]}}