{"id":5395,"date":"2017-07-17T17:05:14","date_gmt":"2017-07-17T15:05:14","guid":{"rendered":"http:\/\/temaprocess.com\/acerca-de\/servicio-y-piezas-de-recambio\/"},"modified":"2024-02-01T11:16:57","modified_gmt":"2024-02-01T10:16:57","slug":"servicio-y-piezas-de-recambio","status":"publish","type":"page","link":"https:\/\/temaprocess.com\/es\/acerca-de\/servicio-y-piezas-de-recambio\/","title":{"rendered":"Servicio y piezas de recambio"},"content":{"rendered":"<p><div class=\"fusion-fullwidth fullwidth-box fusion-builder-row-1 fusion-flex-container nonhundred-percent-fullwidth non-hundred-percent-height-scrolling\" style=\"--awb-border-radius-top-left:0px;--awb-border-radius-top-right:0px;--awb-border-radius-bottom-right:0px;--awb-border-radius-bottom-left:0px;--awb-flex-wrap:wrap;\" ><div class=\"fusion-builder-row fusion-row fusion-flex-align-items-flex-start fusion-flex-content-wrap\" style=\"max-width:1248px;margin-left: calc(-4% \/ 2 );margin-right: calc(-4% \/ 2 );\"><div class=\"fusion-layout-column fusion_builder_column fusion-builder-column-0 fusion_builder_column_1_1 1_1 fusion-flex-column\" style=\"--awb-bg-size:cover;--awb-width-large:100%;--awb-margin-top-large:0px;--awb-spacing-right-large:1.92%;--awb-margin-bottom-large:0px;--awb-spacing-left-large:1.92%;--awb-width-medium:100%;--awb-spacing-right-medium:1.92%;--awb-spacing-left-medium:1.92%;--awb-width-small:100%;--awb-spacing-right-small:1.92%;--awb-spacing-left-small:1.92%;\"><div class=\"fusion-column-wrapper fusion-flex-justify-content-flex-start fusion-content-layout-column\"><\/div><\/div><div class=\"fusion-layout-column fusion_builder_column fusion-builder-column-1 fusion_builder_column_1_2 1_2 fusion-flex-column\" style=\"--awb-bg-size:cover;--awb-width-large:50%;--awb-margin-top-large:0px;--awb-spacing-right-large:3.84%;--awb-margin-bottom-large:20px;--awb-spacing-left-large:3.84%;--awb-width-medium:50%;--awb-order-medium:0;--awb-spacing-right-medium:3.84%;--awb-spacing-left-medium:3.84%;--awb-width-small:100%;--awb-order-small:0;--awb-spacing-right-small:1.92%;--awb-spacing-left-small:1.92%;\"><div class=\"fusion-column-wrapper fusion-column-has-shadow fusion-flex-justify-content-flex-start fusion-content-layout-column\"><div class=\"fusion-text fusion-text-1\"><h2>Servicio y piezas de recambio<\/h2>\n<p>\u00bfBusca mantenimiento, piezas de repuesto, recambios para su secador de lecho fluido u otra maquinaria de TEMA Process?<\/p>\n<h3>Comprobaciones de mantenimiento e inspecciones peri\u00f3dicas<\/h3>\n<p>Nuestros ingenieros y t\u00e9cnicos de mantenimiento pueden realizar una amplia gama de servicios sobre el terreno. Ofrecemos revisiones anuales de mantenimiento y realizamos reparaciones.<\/p>\n<ul>\n<li>Detecci\u00f3n precoz de defectos en componentes cr\u00edticos<\/li>\n<li>Reduzca y evite los tiempos de inactividad<\/li>\n<li>Aumentar la vida \u00fatil de la m\u00e1quina<\/li>\n<li>Aumentar la eficacia de la m\u00e1quina<\/li>\n<\/ul>\n<h3>Gu\u00eda de recambios y piezas de repuesto<\/h3>\n<p>Tema Process fabrica piezas de repuesto cr\u00edticas para los secadores\/enfriadores de lecho fluidizado por agitaci\u00f3n para su env\u00edo inmediato. Tambi\u00e9n proporcionamos una lista de piezas de repuesto y directrices de mantenimiento preventivo con cada pedido.<\/p>\n<p>No s\u00f3lo fabricamos y suministramos piezas de repuesto para m\u00e1quinas construidas por TEMA PROCESS, sino tambi\u00e9n para secadores de lecho fluido de otros fabricantes. No dude en ponerse en contacto con nosotros.<\/p>\n<h3>Formaci\u00f3n<\/h3>\n<p>Tambi\u00e9n ofrecemos formaci\u00f3n in situ para garantizar que el personal nuevo entienda c\u00f3mo utilizar y mantener su equipo para obtener el m\u00e1ximo rendimiento con el menor coste de funcionamiento\/mantenimiento posible y garantizar una productividad y eficiencia m\u00e1ximas.<\/p>\n<\/div><\/div><\/div><div class=\"fusion-layout-column fusion_builder_column fusion-builder-column-2 fusion_builder_column_1_2 1_2 fusion-flex-column\" style=\"--awb-bg-size:cover;--awb-width-large:50%;--awb-margin-top-large:0px;--awb-spacing-right-large:3.84%;--awb-margin-bottom-large:20px;--awb-spacing-left-large:3.84%;--awb-width-medium:50%;--awb-order-medium:0;--awb-spacing-right-medium:3.84%;--awb-spacing-left-medium:3.84%;--awb-width-small:100%;--awb-order-small:0;--awb-spacing-right-small:1.92%;--awb-spacing-left-small:1.92%;\"><div class=\"fusion-column-wrapper fusion-column-has-shadow fusion-flex-justify-content-flex-start fusion-content-layout-column\"><div class=\"fusion-title title fusion-title-1 fusion-sep-none fusion-title-text fusion-title-size-two\"><h2 class=\"fusion-title-heading title-heading-left\" style=\"margin:0;\">Formulario de solicitud de servicio<\/h2><\/div>\n<div class=\"wpcf7 no-js\" id=\"wpcf7-f2075-o1\" lang=\"en-US\" dir=\"ltr\" data-wpcf7-id=\"2075\">\n<div class=\"screen-reader-response\"><p role=\"status\" aria-live=\"polite\" aria-atomic=\"true\"><\/p> <ul><\/ul><\/div>\n<form action=\"\/es\/wp-json\/wp\/v2\/pages\/5395#wpcf7-f2075-o1\" method=\"post\" class=\"wpcf7-form init\" aria-label=\"Contact form\" novalidate=\"novalidate\" data-status=\"init\">\n<fieldset class=\"hidden-fields-container\"><input type=\"hidden\" name=\"_wpcf7\" value=\"2075\" \/><input type=\"hidden\" name=\"_wpcf7_version\" value=\"6.1.5\" \/><input type=\"hidden\" name=\"_wpcf7_locale\" value=\"en_US\" \/><input type=\"hidden\" name=\"_wpcf7_unit_tag\" value=\"wpcf7-f2075-o1\" \/><input type=\"hidden\" name=\"_wpcf7_container_post\" value=\"0\" \/><input type=\"hidden\" name=\"_wpcf7_posted_data_hash\" value=\"\" \/>\n<\/fieldset>\n<div class=\"wpcf7-turnstile cf-turnstile\" data-sitekey=\"0x4AAAAAACb5qghcjrhJN9X8\" data-response-field-name=\"_wpcf7_turnstile_response\"><\/div>\n\n<p>Name <span class=\"wpcf7-form-control-wrap\" data-name=\"your-name\"><input size=\"40\" maxlength=\"400\" class=\"wpcf7-form-control wpcf7-text wpcf7-validates-as-required\" aria-required=\"true\" aria-invalid=\"false\" value=\"\" type=\"text\" name=\"your-name\" \/><\/span><br \/>\nE-mail address <span class=\"wpcf7-form-control-wrap\" data-name=\"your-email\"><input size=\"40\" maxlength=\"400\" class=\"wpcf7-form-control wpcf7-email wpcf7-validates-as-required wpcf7-text wpcf7-validates-as-email\" aria-required=\"true\" aria-invalid=\"false\" value=\"\" type=\"email\" name=\"your-email\" \/><\/span><br \/>\nSubject <span class=\"wpcf7-form-control-wrap\" data-name=\"Subject\"><select class=\"wpcf7-form-control wpcf7-select\" aria-invalid=\"false\" name=\"Subject\"><option value=\"Service\">Service<\/option><option value=\"Maintenance\">Maintenance<\/option><option value=\"Spare parts\">Spare parts<\/option><option value=\"Technical issues\">Technical issues<\/option><option value=\"Training\">Training<\/option><\/select><\/span><br \/>\nUrgency level <span class=\"wpcf7-form-control-wrap\" data-name=\"Urgency\"><select class=\"wpcf7-form-control wpcf7-select\" aria-invalid=\"false\" name=\"Urgency\"><option value=\"Low\">Low<\/option><option value=\"Medium\">Medium<\/option><option value=\"High\">High<\/option><option value=\"Critical\">Critical<\/option><\/select><\/span><br \/>\nMessage <span class=\"wpcf7-form-control-wrap\" data-name=\"your-message\"><textarea cols=\"40\" rows=\"10\" maxlength=\"2000\" class=\"wpcf7-form-control wpcf7-textarea\" aria-invalid=\"false\" name=\"your-message\"><\/textarea><\/span><br \/>\nBy submitting, you agree to our <a target=\"_blank\" href=\"http:\/\/temaprocess.com\/wp-content\/uploads\/2018\/06\/privacy-statement-v1.pdf\">privacy policy<\/a><br \/>\n<input class=\"wpcf7-form-control wpcf7-submit has-spinner\" type=\"submit\" value=\"Send\" \/>\n<\/p><div class=\"fusion-alert alert custom alert-custom fusion-alert-center wpcf7-response-output awb-alert-native-link-color alert-dismissable awb-alert-close-boxed\" style=\"--awb-border-size:1px;--awb-border-top-left-radius:0px;--awb-border-top-right-radius:0px;--awb-border-bottom-left-radius:0px;--awb-border-bottom-right-radius:0px;\" role=\"alert\"><div class=\"fusion-alert-content-wrapper\"><span class=\"fusion-alert-content\"><\/span><\/div><button type=\"button\" class=\"close toggle-alert\" data-dismiss=\"alert\" aria-label=\"Close\">&times;<\/button><\/div>\n<\/form>\n<\/div>\n<div class=\"fusion-title title fusion-title-2 fusion-sep-none fusion-title-text fusion-title-size-two\"><h2 class=\"fusion-title-heading title-heading-left\" style=\"margin:0;\">Informaci\u00f3n de contacto del servicio<\/h2><\/div><ul style=\"--awb-line-height:27.2px;--awb-icon-width:27.2px;--awb-icon-height:27.2px;--awb-icon-margin:11.2px;--awb-content-margin:38.4px;--awb-circlecolor:var(--awb-color4);--awb-circle-yes-font-size:14.08px;\" class=\"fusion-checklist fusion-checklist-1 fusion-checklist-default type-icons\"><li class=\"fusion-li-item\" style=\"\"><span class=\"icon-wrapper circle-yes\"><i class=\"fusion-li-icon fa-file-import fas\" aria-hidden=\"true\"><\/i><\/span><div class=\"fusion-li-item-content\">\n<p><a href=\"http:\/\/temaprocess.com\/about\/service-spare-parts\/\">Service Request Form<\/a><\/p>\n<\/div><\/li><li class=\"fusion-li-item\" style=\"\"><span class=\"icon-wrapper circle-yes\"><i class=\"fusion-li-icon fa-envelope fas\" aria-hidden=\"true\"><\/i><\/span><div class=\"fusion-li-item-content\"><a href=\"mailto:service@temaprocess.com\">service@temaprocess.com<\/a><\/div><\/li><li class=\"fusion-li-item\" style=\"\"><span class=\"icon-wrapper circle-yes\"><i class=\"fusion-li-icon fa-phone fas\" aria-hidden=\"true\"><\/i><\/span><div class=\"fusion-li-item-content\"><a href=\"tel:+31885225800\">+31 88 5225800<\/a><\/div><\/li><\/ul>\n<\/div><\/div><\/div><\/div><div class=\"fusion-fullwidth fullwidth-box fusion-builder-row-2 fusion-flex-container has-pattern-background has-mask-background nonhundred-percent-fullwidth non-hundred-percent-height-scrolling\" style=\"--awb-border-radius-top-left:0px;--awb-border-radius-top-right:0px;--awb-border-radius-bottom-right:0px;--awb-border-radius-bottom-left:0px;--awb-flex-wrap:wrap;\" ><div class=\"fusion-builder-row fusion-row fusion-flex-align-items-flex-start fusion-flex-content-wrap\" style=\"max-width:1248px;margin-left: calc(-4% \/ 2 );margin-right: calc(-4% \/ 2 );\"><div class=\"fusion-layout-column fusion_builder_column fusion-builder-column-3 fusion_builder_column_1_1 1_1 fusion-flex-column\" style=\"--awb-bg-size:cover;--awb-width-large:100%;--awb-margin-top-large:0px;--awb-spacing-right-large:1.92%;--awb-margin-bottom-large:20px;--awb-spacing-left-large:1.92%;--awb-width-medium:100%;--awb-order-medium:0;--awb-spacing-right-medium:1.92%;--awb-spacing-left-medium:1.92%;--awb-width-small:100%;--awb-order-small:0;--awb-spacing-right-small:1.92%;--awb-spacing-left-small:1.92%;\"><div class=\"fusion-column-wrapper fusion-column-has-shadow fusion-flex-justify-content-flex-start fusion-content-layout-column\"><div class=\"fusion-image-carousel fusion-image-carousel-auto fusion-image-carousel-1 fusion-carousel-border\"><div class=\"awb-carousel awb-swiper awb-swiper-carousel awb-carousel--carousel awb-swiper-dots-position-bottom\" data-layout=\"carousel\" data-autoplay=\"no\" data-autoplayspeed=\"2500\" data-autoplaypause=\"no\" data-columns=\"5\" data-columnsmedium=\"1\" data-columnssmall=\"1\" data-itemmargin=\"13\" data-itemwidth=\"180\" data-touchscroll=\"no\" data-freemode=\"no\" data-imagesize=\"auto\" data-scrollitems=\"0\" data-centeredslides=\"no\" data-rotationangle=\"50\" data-depth=\"100\" data-speed=\"500\" data-shadow=\"no\" data-pagination=\"bullets\" style=\"--awb-border-width:1px;--awb-border-color:#e9eaee;\"><div class=\"swiper-wrapper awb-image-carousel-wrapper fusion-flex-align-items-center\"><div class=\"swiper-slide\"><div class=\"fusion-carousel-item-wrapper\"><div class=\"fusion-image-wrapper hover-type-none\"><img decoding=\"async\" width=\"2927\" height=\"1869\" src=\"https:\/\/temaprocess.com\/wp-content\/uploads\/2023\/11\/fleet-e1700681975574.png\" class=\"attachment-full size-full lazyload\" alt=\"\" srcset=\"data:image\/svg+xml,%3Csvg%20xmlns%3D%27http%3A%2F%2Fwww.w3.org%2F2000%2Fsvg%27%20width%3D%272927%27%20height%3D%271869%27%20viewBox%3D%270%200%202927%201869%27%3E%3Crect%20width%3D%272927%27%20height%3D%271869%27%20fill-opacity%3D%220%22%2F%3E%3C%2Fsvg%3E\" data-orig-src=\"https:\/\/temaprocess.com\/wp-content\/uploads\/2023\/11\/fleet-e1700681975574.png\" data-srcset=\"https:\/\/temaprocess.com\/wp-content\/uploads\/2023\/11\/fleet-e1700681975574-200x128.png 200w, https:\/\/temaprocess.com\/wp-content\/uploads\/2023\/11\/fleet-e1700681975574-400x255.png 400w, https:\/\/temaprocess.com\/wp-content\/uploads\/2023\/11\/fleet-e1700681975574-600x383.png 600w, https:\/\/temaprocess.com\/wp-content\/uploads\/2023\/11\/fleet-e1700681975574-800x511.png 800w, https:\/\/temaprocess.com\/wp-content\/uploads\/2023\/11\/fleet-e1700681975574-1200x766.png 1200w, https:\/\/temaprocess.com\/wp-content\/uploads\/2023\/11\/fleet-e1700681975574.png 2927w\" data-sizes=\"auto\" \/><\/div><\/div><\/div><div class=\"swiper-slide\"><div class=\"fusion-carousel-item-wrapper\"><div class=\"fusion-image-wrapper hover-type-none\"><img decoding=\"async\" width=\"1399\" height=\"874\" src=\"https:\/\/temaprocess.com\/wp-content\/uploads\/2023\/11\/Dryer-e1700683097535.png\" class=\"attachment-full size-full lazyload\" alt=\"Fluid Bed Dryer Manufacturing\" srcset=\"data:image\/svg+xml,%3Csvg%20xmlns%3D%27http%3A%2F%2Fwww.w3.org%2F2000%2Fsvg%27%20width%3D%271399%27%20height%3D%27874%27%20viewBox%3D%270%200%201399%20874%27%3E%3Crect%20width%3D%271399%27%20height%3D%27874%27%20fill-opacity%3D%220%22%2F%3E%3C%2Fsvg%3E\" data-orig-src=\"https:\/\/temaprocess.com\/wp-content\/uploads\/2023\/11\/Dryer-e1700683097535.png\" data-srcset=\"https:\/\/temaprocess.com\/wp-content\/uploads\/2023\/11\/Dryer-e1700683097535-200x125.png 200w, https:\/\/temaprocess.com\/wp-content\/uploads\/2023\/11\/Dryer-e1700683097535-400x250.png 400w, https:\/\/temaprocess.com\/wp-content\/uploads\/2023\/11\/Dryer-e1700683097535-600x375.png 600w, https:\/\/temaprocess.com\/wp-content\/uploads\/2023\/11\/Dryer-e1700683097535-800x500.png 800w, https:\/\/temaprocess.com\/wp-content\/uploads\/2023\/11\/Dryer-e1700683097535-1200x750.png 1200w, https:\/\/temaprocess.com\/wp-content\/uploads\/2023\/11\/Dryer-e1700683097535.png 1399w\" data-sizes=\"auto\" \/><\/div><\/div><\/div><div class=\"swiper-slide\"><div class=\"fusion-carousel-item-wrapper\"><div class=\"fusion-image-wrapper hover-type-none\"><img decoding=\"async\" width=\"1170\" height=\"731\" src=\"https:\/\/temaprocess.com\/wp-content\/uploads\/2023\/07\/Assembly-Facility-e1700683140152.jpg\" class=\"attachment-full size-full lazyload\" alt=\"Two ready Fluid Bed Dryers in front of our Assembly Facility\" srcset=\"data:image\/svg+xml,%3Csvg%20xmlns%3D%27http%3A%2F%2Fwww.w3.org%2F2000%2Fsvg%27%20width%3D%271170%27%20height%3D%27731%27%20viewBox%3D%270%200%201170%20731%27%3E%3Crect%20width%3D%271170%27%20height%3D%27731%27%20fill-opacity%3D%220%22%2F%3E%3C%2Fsvg%3E\" data-orig-src=\"https:\/\/temaprocess.com\/wp-content\/uploads\/2023\/07\/Assembly-Facility-e1700683140152.jpg\" data-srcset=\"https:\/\/temaprocess.com\/wp-content\/uploads\/2023\/07\/Assembly-Facility-e1700683140152-200x125.jpg 200w, https:\/\/temaprocess.com\/wp-content\/uploads\/2023\/07\/Assembly-Facility-e1700683140152-400x250.jpg 400w, https:\/\/temaprocess.com\/wp-content\/uploads\/2023\/07\/Assembly-Facility-e1700683140152-600x375.jpg 600w, https:\/\/temaprocess.com\/wp-content\/uploads\/2023\/07\/Assembly-Facility-e1700683140152-800x500.jpg 800w, https:\/\/temaprocess.com\/wp-content\/uploads\/2023\/07\/Assembly-Facility-e1700683140152.jpg 1170w\" data-sizes=\"auto\" \/><\/div><\/div><\/div><\/div><div class=\"awb-swiper-button awb-swiper-button-prev\"><i class=\"awb-icon-angle-left\" aria-hidden=\"true\"><\/i><\/div><div class=\"awb-swiper-button awb-swiper-button-next\"><i class=\"awb-icon-angle-right\" aria-hidden=\"true\"><\/i><\/div><\/div><\/div><\/div><\/div><\/div><\/div><\/p>\n","protected":false},"excerpt":{"rendered":"","protected":false},"author":1,"featured_media":0,"parent":5078,"menu_order":0,"comment_status":"closed","ping_status":"closed","template":"100-width.php","meta":{"footnotes":""},"class_list":["post-5395","page","type-page","status-publish","hentry"],"yoast_head":"<!-- This site is optimized with the Yoast SEO plugin v27.0 - https:\/\/yoast.com\/product\/yoast-seo-wordpress\/ -->\n<title>Servicio y piezas de recambio | Tema Process<\/title>\n<meta name=\"robots\" content=\"index, follow, max-snippet:-1, max-image-preview:large, max-video-preview:-1\" \/>\n<link rel=\"canonical\" href=\"https:\/\/temaprocess.com\/about\/service-spare-parts\/\" \/>\n<meta property=\"og:locale\" content=\"es_ES\" \/>\n<meta property=\"og:type\" content=\"article\" \/>\n<meta property=\"og:title\" content=\"Servicio y piezas de recambio | Tema Process\" \/>\n<meta property=\"og:url\" content=\"https:\/\/temaprocess.com\/about\/service-spare-parts\/\" \/>\n<meta property=\"og:site_name\" content=\"Tema Process\" \/>\n<meta property=\"article:modified_time\" content=\"2024-02-01T10:16:57+00:00\" \/>\n<meta property=\"og:image\" content=\"https:\/\/temaprocess.com\/wp-content\/uploads\/2024\/02\/tema-process-home-image.png\" \/>\n\t<meta property=\"og:image:width\" content=\"1175\" \/>\n\t<meta property=\"og:image:height\" content=\"548\" \/>\n\t<meta property=\"og:image:type\" content=\"image\/png\" \/>\n<meta name=\"twitter:card\" content=\"summary_large_image\" \/>\n<meta name=\"twitter:label1\" content=\"Tiempo de lectura\" \/>\n\t<meta name=\"twitter:data1\" content=\"14 minutos\" \/>\n<script type=\"application\/ld+json\" class=\"yoast-schema-graph\">{\"@context\":\"https:\/\/schema.org\",\"@graph\":[{\"@type\":\"WebPage\",\"@id\":\"https:\/\/temaprocess.com\/about\/service-spare-parts\/\",\"url\":\"https:\/\/temaprocess.com\/about\/service-spare-parts\/\",\"name\":\"Servicio y piezas de recambio | Tema Process\",\"isPartOf\":{\"@id\":\"https:\/\/temaprocess.com\/#website\"},\"datePublished\":\"2017-07-17T15:05:14+00:00\",\"dateModified\":\"2024-02-01T10:16:57+00:00\",\"breadcrumb\":{\"@id\":\"https:\/\/temaprocess.com\/about\/service-spare-parts\/#breadcrumb\"},\"inLanguage\":\"es\",\"potentialAction\":[{\"@type\":\"ReadAction\",\"target\":[\"https:\/\/temaprocess.com\/about\/service-spare-parts\/\"]}]},{\"@type\":\"BreadcrumbList\",\"@id\":\"https:\/\/temaprocess.com\/about\/service-spare-parts\/#breadcrumb\",\"itemListElement\":[{\"@type\":\"ListItem\",\"position\":1,\"name\":\"Home\",\"item\":\"https:\/\/temaprocess.com\/es\/inicio\/\"},{\"@type\":\"ListItem\",\"position\":2,\"name\":\"Acerca de\",\"item\":\"https:\/\/temaprocess.com\/about\/\"},{\"@type\":\"ListItem\",\"position\":3,\"name\":\"Servicio y piezas de recambio\"}]},{\"@type\":\"WebSite\",\"@id\":\"https:\/\/temaprocess.com\/#website\",\"url\":\"https:\/\/temaprocess.com\/\",\"name\":\"Tema Process\",\"description\":\"Fluid bed systems\",\"potentialAction\":[{\"@type\":\"SearchAction\",\"target\":{\"@type\":\"EntryPoint\",\"urlTemplate\":\"https:\/\/temaprocess.com\/?s={search_term_string}\"},\"query-input\":{\"@type\":\"PropertyValueSpecification\",\"valueRequired\":true,\"valueName\":\"search_term_string\"}}],\"inLanguage\":\"es\"}]}<\/script>\n<!-- \/ Yoast SEO plugin. -->","yoast_head_json":{"title":"Servicio y piezas de recambio | Tema Process","robots":{"index":"index","follow":"follow","max-snippet":"max-snippet:-1","max-image-preview":"max-image-preview:large","max-video-preview":"max-video-preview:-1"},"canonical":"https:\/\/temaprocess.com\/about\/service-spare-parts\/","og_locale":"es_ES","og_type":"article","og_title":"Servicio y piezas de recambio | Tema Process","og_url":"https:\/\/temaprocess.com\/about\/service-spare-parts\/","og_site_name":"Tema Process","article_modified_time":"2024-02-01T10:16:57+00:00","og_image":[{"width":1175,"height":548,"url":"https:\/\/temaprocess.com\/wp-content\/uploads\/2024\/02\/tema-process-home-image.png","type":"image\/png"}],"twitter_card":"summary_large_image","twitter_misc":{"Tiempo de lectura":"14 minutos"},"schema":{"@context":"https:\/\/schema.org","@graph":[{"@type":"WebPage","@id":"https:\/\/temaprocess.com\/about\/service-spare-parts\/","url":"https:\/\/temaprocess.com\/about\/service-spare-parts\/","name":"Servicio y piezas de recambio | Tema Process","isPartOf":{"@id":"https:\/\/temaprocess.com\/#website"},"datePublished":"2017-07-17T15:05:14+00:00","dateModified":"2024-02-01T10:16:57+00:00","breadcrumb":{"@id":"https:\/\/temaprocess.com\/about\/service-spare-parts\/#breadcrumb"},"inLanguage":"es","potentialAction":[{"@type":"ReadAction","target":["https:\/\/temaprocess.com\/about\/service-spare-parts\/"]}]},{"@type":"BreadcrumbList","@id":"https:\/\/temaprocess.com\/about\/service-spare-parts\/#breadcrumb","itemListElement":[{"@type":"ListItem","position":1,"name":"Home","item":"https:\/\/temaprocess.com\/es\/inicio\/"},{"@type":"ListItem","position":2,"name":"Acerca de","item":"https:\/\/temaprocess.com\/about\/"},{"@type":"ListItem","position":3,"name":"Servicio y piezas de recambio"}]},{"@type":"WebSite","@id":"https:\/\/temaprocess.com\/#website","url":"https:\/\/temaprocess.com\/","name":"Tema Process","description":"Fluid bed systems","potentialAction":[{"@type":"SearchAction","target":{"@type":"EntryPoint","urlTemplate":"https:\/\/temaprocess.com\/?s={search_term_string}"},"query-input":{"@type":"PropertyValueSpecification","valueRequired":true,"valueName":"search_term_string"}}],"inLanguage":"es"}]}},"_links":{"self":[{"href":"https:\/\/temaprocess.com\/es\/wp-json\/wp\/v2\/pages\/5395","targetHints":{"allow":["GET"]}}],"collection":[{"href":"https:\/\/temaprocess.com\/es\/wp-json\/wp\/v2\/pages"}],"about":[{"href":"https:\/\/temaprocess.com\/es\/wp-json\/wp\/v2\/types\/page"}],"author":[{"embeddable":true,"href":"https:\/\/temaprocess.com\/es\/wp-json\/wp\/v2\/users\/1"}],"replies":[{"embeddable":true,"href":"https:\/\/temaprocess.com\/es\/wp-json\/wp\/v2\/comments?post=5395"}],"version-history":[{"count":0,"href":"https:\/\/temaprocess.com\/es\/wp-json\/wp\/v2\/pages\/5395\/revisions"}],"up":[{"embeddable":true,"href":"https:\/\/temaprocess.com\/es\/wp-json\/wp\/v2\/pages\/5078"}],"wp:attachment":[{"href":"https:\/\/temaprocess.com\/es\/wp-json\/wp\/v2\/media?parent=5395"}],"curies":[{"name":"wp","href":"https:\/\/api.w.org\/{rel}","templated":true}]}}