{"id":5407,"date":"2017-07-17T16:53:21","date_gmt":"2017-07-17T14:53:21","guid":{"rendered":"http:\/\/temaprocess.com\/acerca-de\/descargas\/"},"modified":"2024-02-01T11:21:21","modified_gmt":"2024-02-01T10:21:21","slug":"descargas","status":"publish","type":"page","link":"https:\/\/temaprocess.com\/es\/acerca-de\/descargas\/","title":{"rendered":"Descargas"},"content":{"rendered":"<p><div class=\"fusion-fullwidth fullwidth-box fusion-builder-row-1 fusion-flex-container nonhundred-percent-fullwidth non-hundred-percent-height-scrolling\" style=\"--awb-border-radius-top-left:0px;--awb-border-radius-top-right:0px;--awb-border-radius-bottom-right:0px;--awb-border-radius-bottom-left:0px;--awb-flex-wrap:wrap;\" ><div class=\"fusion-builder-row fusion-row fusion-flex-align-items-flex-start fusion-flex-content-wrap\" style=\"max-width:1248px;margin-left: calc(-4% \/ 2 );margin-right: calc(-4% \/ 2 );\"><div class=\"fusion-layout-column fusion_builder_column fusion-builder-column-0 fusion_builder_column_1_2 1_2 fusion-flex-column\" style=\"--awb-bg-size:cover;--awb-width-large:50%;--awb-margin-top-large:0px;--awb-spacing-right-large:3.84%;--awb-margin-bottom-large:0px;--awb-spacing-left-large:3.84%;--awb-width-medium:50%;--awb-spacing-right-medium:3.84%;--awb-spacing-left-medium:3.84%;--awb-width-small:100%;--awb-spacing-right-small:1.92%;--awb-spacing-left-small:1.92%;\"><div class=\"fusion-column-wrapper fusion-flex-justify-content-flex-start fusion-content-layout-column\"><div class=\"fusion-text fusion-text-1\"><p>Le ofrecemos gratuitamente fichas t\u00e9cnicas de nuestra variada gama de productos. Estas fichas est\u00e1n dise\u00f1adas para proporcionarle informaci\u00f3n esencial y est\u00e1n disponibles en varios idiomas. Cada ficha incluye im\u00e1genes informativas que aclaran los procesos y usos de nuestros productos.<\/p>\n<\/div><div class=\"fusion-image-element \" style=\"--awb-caption-title-font-family:var(--h2_typography-font-family);--awb-caption-title-font-weight:var(--h2_typography-font-weight);--awb-caption-title-font-style:var(--h2_typography-font-style);--awb-caption-title-size:var(--h2_typography-font-size);--awb-caption-title-transform:var(--h2_typography-text-transform);--awb-caption-title-line-height:var(--h2_typography-line-height);--awb-caption-title-letter-spacing:var(--h2_typography-letter-spacing);\"><span class=\" fusion-imageframe imageframe-none imageframe-1 hover-type-none\"><img decoding=\"async\" width=\"904\" height=\"634\" title=\"tema-process-download-pdf-technical-sheet\" src=\"https:\/\/temaprocess.com\/wp-content\/uploads\/2018\/08\/tema-process-download-pdf-technical-sheet.png\" data-orig-src=\"http:\/\/temaprocess.com\/wp-content\/uploads\/2018\/08\/tema-process-download-pdf-technical-sheet.png\" alt class=\"lazyload img-responsive wp-image-3441\" srcset=\"data:image\/svg+xml,%3Csvg%20xmlns%3D%27http%3A%2F%2Fwww.w3.org%2F2000%2Fsvg%27%20width%3D%27904%27%20height%3D%27634%27%20viewBox%3D%270%200%20904%20634%27%3E%3Crect%20width%3D%27904%27%20height%3D%27634%27%20fill-opacity%3D%220%22%2F%3E%3C%2Fsvg%3E\" data-srcset=\"https:\/\/temaprocess.com\/wp-content\/uploads\/2018\/08\/tema-process-download-pdf-technical-sheet-200x140.png 200w, https:\/\/temaprocess.com\/wp-content\/uploads\/2018\/08\/tema-process-download-pdf-technical-sheet-400x281.png 400w, https:\/\/temaprocess.com\/wp-content\/uploads\/2018\/08\/tema-process-download-pdf-technical-sheet-600x421.png 600w, https:\/\/temaprocess.com\/wp-content\/uploads\/2018\/08\/tema-process-download-pdf-technical-sheet-800x561.png 800w, https:\/\/temaprocess.com\/wp-content\/uploads\/2018\/08\/tema-process-download-pdf-technical-sheet.png 904w\" data-sizes=\"auto\" data-orig-sizes=\"(max-width: 640px) 100vw, 600px\" \/><\/span><\/div><\/div><\/div><div class=\"fusion-layout-column fusion_builder_column fusion-builder-column-1 fusion_builder_column_1_2 1_2 fusion-flex-column\" style=\"--awb-bg-size:cover;--awb-width-large:50%;--awb-margin-top-large:0px;--awb-spacing-right-large:3.84%;--awb-margin-bottom-large:0px;--awb-spacing-left-large:3.84%;--awb-width-medium:50%;--awb-spacing-right-medium:3.84%;--awb-spacing-left-medium:3.84%;--awb-width-small:100%;--awb-spacing-right-small:1.92%;--awb-spacing-left-small:1.92%;\"><div class=\"fusion-column-wrapper fusion-flex-justify-content-flex-start fusion-content-layout-column\"><div class=\"fusion-text fusion-text-2\"><p>Ofrecemos hojas en PDF en varios idiomas, por favor env\u00ede una solicitud en el siguiente formulario. Recibir\u00e1 la hoja seleccionada (PDF) directamente en su buz\u00f3n.<\/p>\n<\/div>\n<div class=\"wpcf7 no-js\" id=\"wpcf7-f601-o1\" lang=\"en-US\" dir=\"ltr\" data-wpcf7-id=\"601\">\n<div class=\"screen-reader-response\"><p role=\"status\" aria-live=\"polite\" aria-atomic=\"true\"><\/p> <ul><\/ul><\/div>\n<form action=\"\/es\/wp-json\/wp\/v2\/pages\/5407#wpcf7-f601-o1\" method=\"post\" class=\"wpcf7-form init\" aria-label=\"Contact form\" novalidate=\"novalidate\" data-status=\"init\">\n<fieldset class=\"hidden-fields-container\"><input type=\"hidden\" name=\"_wpcf7\" value=\"601\" \/><input type=\"hidden\" name=\"_wpcf7_version\" value=\"6.1.5\" \/><input type=\"hidden\" name=\"_wpcf7_locale\" value=\"en_US\" \/><input type=\"hidden\" name=\"_wpcf7_unit_tag\" value=\"wpcf7-f601-o1\" \/><input type=\"hidden\" name=\"_wpcf7_container_post\" value=\"0\" \/><input type=\"hidden\" name=\"_wpcf7_posted_data_hash\" value=\"\" \/>\n<\/fieldset>\n<p>Name <span class=\"wpcf7-form-control-wrap\" data-name=\"your-name\"><input size=\"40\" maxlength=\"400\" class=\"wpcf7-form-control wpcf7-text wpcf7-validates-as-required\" aria-required=\"true\" aria-invalid=\"false\" value=\"\" type=\"text\" name=\"your-name\" \/><\/span><br \/>\nE-mail address <span class=\"wpcf7-form-control-wrap\" data-name=\"your-email\"><input size=\"40\" maxlength=\"400\" class=\"wpcf7-form-control wpcf7-email wpcf7-validates-as-required wpcf7-text wpcf7-validates-as-email\" aria-required=\"true\" aria-invalid=\"false\" value=\"\" type=\"email\" name=\"your-email\" \/><\/span><br \/>\nCompany <span class=\"wpcf7-form-control-wrap\" data-name=\"your-company\"><input size=\"40\" maxlength=\"400\" class=\"wpcf7-form-control wpcf7-text wpcf7-validates-as-required\" aria-required=\"true\" aria-invalid=\"false\" value=\"\" type=\"text\" name=\"your-company\" \/><\/span><br \/>\nJob title <span class=\"wpcf7-form-control-wrap\" data-name=\"your-function\"><input size=\"40\" maxlength=\"400\" class=\"wpcf7-form-control wpcf7-text wpcf7-validates-as-required\" aria-required=\"true\" aria-invalid=\"false\" value=\"\" type=\"text\" name=\"your-function\" \/><\/span><br \/>\nSelect file\n<\/p>\n<p><span class=\"wpcf7-form-control-wrap\" data-name=\"file\"><select class=\"wpcf7-form-control wpcf7-select wpcf7-validates-as-required form-control\" aria-required=\"true\" aria-invalid=\"false\" name=\"file\"><option value=\"\">&#8212;Please choose an option&#8212;<\/option><option value=\"Fluidized Bed Systems (EN)\">Fluidized Bed Systems (EN)<\/option><option value=\"Natural Pasteurization (EN)\">Natural Pasteurization (EN)<\/option><option value=\"Sistemas de lecho fluido (ESP)\">Sistemas de lecho fluido (ESP)<\/option><option value=\"Sist\u00e8mes \u00e0 lits fluidis\u00e9s (FR)\">Sist\u00e8mes \u00e0 lits fluidis\u00e9s (FR)<\/option><option value=\"Wervelbed systemen (NL)\">Wervelbed systemen (NL)<\/option><option value=\"Wirbelschichtsysteme (DU)\">Wirbelschichtsysteme (DU)<\/option><option value=\"Belt dryers for the gelatine industry (EN)\">Belt dryers for the gelatine industry (EN)<\/option><option value=\"Ventilation and dehumidification in the meat industry (EN)\">Ventilation and dehumidification in the meat industry (EN)<\/option><option value=\"Entfeuchtung, Be- und Entl\u00fcftung in der Fleischindustrie (DE)\">Entfeuchtung, Be- und Entl\u00fcftung in der Fleischindustrie (DE)<\/option><option value=\"\u0421\u0438\u0441\u0442\u0435\u043c\u044b \u0441 \u043f\u0441\u0435\u0432\u0434\u043e\u043e\u0436\u0438\u0436\u0435\u043d\u043d\u044b\u043c (RU)\">\u0421\u0438\u0441\u0442\u0435\u043c\u044b \u0441 \u043f\u0441\u0435\u0432\u0434\u043e\u043e\u0436\u0438\u0436\u0435\u043d\u043d\u044b\u043c (RU)<\/option><\/select><\/span>\n<\/p>\n<p><input class=\"wpcf7-form-control wpcf7-submit has-spinner\" type=\"submit\" value=\"Download information\" \/>\n<\/p>\n<p>By submitting, you agree to our <a target=\"_blank\" href=\"http:\/\/temaprocess.com\/wp-content\/uploads\/2018\/06\/privacy-statement-v1.pdf\">privacy policy<\/a>\n<\/p>\n<div class=\"wpcf7-turnstile cf-turnstile\" data-sitekey=\"0x4AAAAAACb5qghcjrhJN9X8\" data-response-field-name=\"_wpcf7_turnstile_response\"><\/div><div class=\"fusion-alert alert custom alert-custom fusion-alert-center wpcf7-response-output awb-alert-native-link-color alert-dismissable awb-alert-close-boxed\" style=\"--awb-border-size:1px;--awb-border-top-left-radius:0px;--awb-border-top-right-radius:0px;--awb-border-bottom-left-radius:0px;--awb-border-bottom-right-radius:0px;\" role=\"alert\"><div class=\"fusion-alert-content-wrapper\"><span class=\"fusion-alert-content\"><\/span><\/div><button type=\"button\" class=\"close toggle-alert\" data-dismiss=\"alert\" aria-label=\"Close\">&times;<\/button><\/div>\n<\/form>\n<\/div>\n<\/div><\/div><\/div><\/div><div class=\"fusion-fullwidth fullwidth-box fusion-builder-row-2 fusion-flex-container has-pattern-background has-mask-background nonhundred-percent-fullwidth non-hundred-percent-height-scrolling\" style=\"--awb-border-radius-top-left:0px;--awb-border-radius-top-right:0px;--awb-border-radius-bottom-right:0px;--awb-border-radius-bottom-left:0px;--awb-flex-wrap:wrap;\" ><div class=\"fusion-builder-row fusion-row fusion-flex-align-items-flex-start fusion-flex-content-wrap\" style=\"max-width:1248px;margin-left: calc(-4% \/ 2 );margin-right: calc(-4% \/ 2 );\"><div class=\"fusion-layout-column fusion_builder_column fusion-builder-column-2 fusion_builder_column_1_1 1_1 fusion-flex-column\" style=\"--awb-bg-size:cover;--awb-width-large:100%;--awb-margin-top-large:0px;--awb-spacing-right-large:1.92%;--awb-margin-bottom-large:20px;--awb-spacing-left-large:1.92%;--awb-width-medium:100%;--awb-order-medium:0;--awb-spacing-right-medium:1.92%;--awb-spacing-left-medium:1.92%;--awb-width-small:100%;--awb-order-small:0;--awb-spacing-right-small:1.92%;--awb-spacing-left-small:1.92%;\"><div class=\"fusion-column-wrapper fusion-column-has-shadow fusion-flex-justify-content-flex-start fusion-content-layout-column\"><div class=\"fusion-text fusion-text-3\"><h2>\u00bfTiene preguntas sobre un producto concreto?<\/h2>\n<p>Entendemos que a veces necesite m\u00e1s informaci\u00f3n para tomar la decisi\u00f3n correcta. Si tiene alguna pregunta sobre un producto concreto o necesita m\u00e1s aclaraciones tras consultar nuestras fichas t\u00e9cnicas, no dude en ponerse en contacto con nosotros. Nuestro equipo de expertos est\u00e1 a su disposici\u00f3n para ofrecerle todas las respuestas y el apoyo que necesite. P\u00f3ngase en contacto con nosotros para recibir asistencia personalizada y asesoramiento experto.<\/p>\n<\/div><\/div><\/div><\/div><\/div><\/p>\n","protected":false},"excerpt":{"rendered":"","protected":false},"author":1,"featured_media":0,"parent":5078,"menu_order":0,"comment_status":"closed","ping_status":"closed","template":"100-width.php","meta":{"footnotes":""},"class_list":["post-5407","page","type-page","status-publish","hentry"],"yoast_head":"<!-- This site is optimized with the Yoast SEO plugin v27.5 - https:\/\/yoast.com\/product\/yoast-seo-wordpress\/ -->\n<title>Descargas | Tema Process<\/title>\n<meta name=\"robots\" content=\"index, follow, max-snippet:-1, max-image-preview:large, max-video-preview:-1\" \/>\n<link rel=\"canonical\" href=\"https:\/\/temaprocess.com\/about\/downloads\/\" \/>\n<meta property=\"og:locale\" content=\"es_ES\" \/>\n<meta property=\"og:type\" content=\"article\" \/>\n<meta property=\"og:title\" content=\"Descargas | Tema Process\" \/>\n<meta property=\"og:url\" content=\"https:\/\/temaprocess.com\/about\/downloads\/\" \/>\n<meta property=\"og:site_name\" content=\"Tema Process\" \/>\n<meta property=\"article:modified_time\" content=\"2024-02-01T10:21:21+00:00\" \/>\n<meta property=\"og:image\" content=\"https:\/\/temaprocess.com\/wp-content\/uploads\/2024\/02\/tema-process-home-image.png\" \/>\n\t<meta property=\"og:image:width\" content=\"1175\" \/>\n\t<meta property=\"og:image:height\" content=\"548\" \/>\n\t<meta property=\"og:image:type\" content=\"image\/png\" \/>\n<meta name=\"twitter:card\" content=\"summary_large_image\" \/>\n<meta name=\"twitter:label1\" content=\"Tiempo de lectura\" \/>\n\t<meta name=\"twitter:data1\" content=\"9 minutos\" \/>\n<script type=\"application\/ld+json\" class=\"yoast-schema-graph\">{\"@context\":\"https:\\\/\\\/schema.org\",\"@graph\":[{\"@type\":\"WebPage\",\"@id\":\"https:\\\/\\\/temaprocess.com\\\/about\\\/downloads\\\/\",\"url\":\"https:\\\/\\\/temaprocess.com\\\/about\\\/downloads\\\/\",\"name\":\"Descargas | Tema Process\",\"isPartOf\":{\"@id\":\"https:\\\/\\\/temaprocess.com\\\/#website\"},\"datePublished\":\"2017-07-17T14:53:21+00:00\",\"dateModified\":\"2024-02-01T10:21:21+00:00\",\"breadcrumb\":{\"@id\":\"https:\\\/\\\/temaprocess.com\\\/about\\\/downloads\\\/#breadcrumb\"},\"inLanguage\":\"es\",\"potentialAction\":[{\"@type\":\"ReadAction\",\"target\":[\"https:\\\/\\\/temaprocess.com\\\/about\\\/downloads\\\/\"]}]},{\"@type\":\"BreadcrumbList\",\"@id\":\"https:\\\/\\\/temaprocess.com\\\/about\\\/downloads\\\/#breadcrumb\",\"itemListElement\":[{\"@type\":\"ListItem\",\"position\":1,\"name\":\"Home\",\"item\":\"https:\\\/\\\/temaprocess.com\\\/es\\\/inicio\\\/\"},{\"@type\":\"ListItem\",\"position\":2,\"name\":\"Acerca de\",\"item\":\"https:\\\/\\\/temaprocess.com\\\/about\\\/\"},{\"@type\":\"ListItem\",\"position\":3,\"name\":\"Descargas\"}]},{\"@type\":\"WebSite\",\"@id\":\"https:\\\/\\\/temaprocess.com\\\/#website\",\"url\":\"https:\\\/\\\/temaprocess.com\\\/\",\"name\":\"Tema Process\",\"description\":\"Fluid bed systems\",\"potentialAction\":[{\"@type\":\"SearchAction\",\"target\":{\"@type\":\"EntryPoint\",\"urlTemplate\":\"https:\\\/\\\/temaprocess.com\\\/?s={search_term_string}\"},\"query-input\":{\"@type\":\"PropertyValueSpecification\",\"valueRequired\":true,\"valueName\":\"search_term_string\"}}],\"inLanguage\":\"es\"}]}<\/script>\n<!-- \/ Yoast SEO plugin. -->","yoast_head_json":{"title":"Descargas | Tema Process","robots":{"index":"index","follow":"follow","max-snippet":"max-snippet:-1","max-image-preview":"max-image-preview:large","max-video-preview":"max-video-preview:-1"},"canonical":"https:\/\/temaprocess.com\/about\/downloads\/","og_locale":"es_ES","og_type":"article","og_title":"Descargas | Tema Process","og_url":"https:\/\/temaprocess.com\/about\/downloads\/","og_site_name":"Tema Process","article_modified_time":"2024-02-01T10:21:21+00:00","og_image":[{"width":1175,"height":548,"url":"https:\/\/temaprocess.com\/wp-content\/uploads\/2024\/02\/tema-process-home-image.png","type":"image\/png"}],"twitter_card":"summary_large_image","twitter_misc":{"Tiempo de lectura":"9 minutos"},"schema":{"@context":"https:\/\/schema.org","@graph":[{"@type":"WebPage","@id":"https:\/\/temaprocess.com\/about\/downloads\/","url":"https:\/\/temaprocess.com\/about\/downloads\/","name":"Descargas | Tema Process","isPartOf":{"@id":"https:\/\/temaprocess.com\/#website"},"datePublished":"2017-07-17T14:53:21+00:00","dateModified":"2024-02-01T10:21:21+00:00","breadcrumb":{"@id":"https:\/\/temaprocess.com\/about\/downloads\/#breadcrumb"},"inLanguage":"es","potentialAction":[{"@type":"ReadAction","target":["https:\/\/temaprocess.com\/about\/downloads\/"]}]},{"@type":"BreadcrumbList","@id":"https:\/\/temaprocess.com\/about\/downloads\/#breadcrumb","itemListElement":[{"@type":"ListItem","position":1,"name":"Home","item":"https:\/\/temaprocess.com\/es\/inicio\/"},{"@type":"ListItem","position":2,"name":"Acerca de","item":"https:\/\/temaprocess.com\/about\/"},{"@type":"ListItem","position":3,"name":"Descargas"}]},{"@type":"WebSite","@id":"https:\/\/temaprocess.com\/#website","url":"https:\/\/temaprocess.com\/","name":"Tema Process","description":"Fluid bed systems","potentialAction":[{"@type":"SearchAction","target":{"@type":"EntryPoint","urlTemplate":"https:\/\/temaprocess.com\/?s={search_term_string}"},"query-input":{"@type":"PropertyValueSpecification","valueRequired":true,"valueName":"search_term_string"}}],"inLanguage":"es"}]}},"_links":{"self":[{"href":"https:\/\/temaprocess.com\/es\/wp-json\/wp\/v2\/pages\/5407","targetHints":{"allow":["GET"]}}],"collection":[{"href":"https:\/\/temaprocess.com\/es\/wp-json\/wp\/v2\/pages"}],"about":[{"href":"https:\/\/temaprocess.com\/es\/wp-json\/wp\/v2\/types\/page"}],"author":[{"embeddable":true,"href":"https:\/\/temaprocess.com\/es\/wp-json\/wp\/v2\/users\/1"}],"replies":[{"embeddable":true,"href":"https:\/\/temaprocess.com\/es\/wp-json\/wp\/v2\/comments?post=5407"}],"version-history":[{"count":0,"href":"https:\/\/temaprocess.com\/es\/wp-json\/wp\/v2\/pages\/5407\/revisions"}],"up":[{"embeddable":true,"href":"https:\/\/temaprocess.com\/es\/wp-json\/wp\/v2\/pages\/5078"}],"wp:attachment":[{"href":"https:\/\/temaprocess.com\/es\/wp-json\/wp\/v2\/media?parent=5407"}],"curies":[{"name":"wp","href":"https:\/\/api.w.org\/{rel}","templated":true}]}}